{"id":1002321,"date":"2024-06-20T13:46:54","date_gmt":"2024-06-20T10:46:54","guid":{"rendered":"https:\/\/fmvb.ro\/?page_id=1002321"},"modified":"2024-06-20T13:49:02","modified_gmt":"2024-06-20T10:49:02","slug":"eaeve_en_archive","status":"publish","type":"page","link":"https:\/\/fmvb.ro\/en\/eaeve_en_archive\/","title":{"rendered":"EAEVE_EN_ARCHIVE"},"content":{"rendered":"\t\t<div data-elementor-type=\"wp-page\" data-elementor-id=\"1002321\" class=\"elementor elementor-1002321\" data-elementor-post-type=\"page\">\n\t\t\t\t\t\t<section class=\"elementor-section elementor-top-section elementor-element elementor-element-326b44c0 elementor-section-boxed elementor-section-height-default elementor-section-height-default\" data-id=\"326b44c0\" data-element_type=\"section\" data-e-type=\"section\">\n\t\t\t\t\t\t<div class=\"elementor-container elementor-column-gap-default\">\n\t\t\t\t\t<div class=\"elementor-column elementor-col-100 elementor-top-column elementor-element elementor-element-1b5b699e\" data-id=\"1b5b699e\" data-element_type=\"column\" data-e-type=\"column\">\n\t\t\t<div class=\"elementor-widget-wrap elementor-element-populated\">\n\t\t\t\t\t\t<div class=\"elementor-element elementor-element-1d76c7e2 elementor-widget elementor-widget-text-editor\" data-id=\"1d76c7e2\" data-element_type=\"widget\" data-e-type=\"widget\" data-widget_type=\"text-editor.default\">\n\t\t\t\t<div class=\"elementor-widget-container\">\n\t\t\t\t\t\t\t\t\tEAEVE Archive\t\t\t\t\t\t\t\t<\/div>\n\t\t\t\t<\/div>\n\t\t\t\t\t<\/div>\n\t\t<\/div>\n\t\t\t\t\t<\/div>\n\t\t<\/section>\n\t\t\t\t<section class=\"elementor-section elementor-top-section elementor-element elementor-element-12bd328 elementor-section-boxed elementor-section-height-default elementor-section-height-default\" data-id=\"12bd328\" data-element_type=\"section\" data-e-type=\"section\">\n\t\t\t\t\t\t<div class=\"elementor-container elementor-column-gap-default\">\n\t\t\t\t\t<div class=\"elementor-column elementor-col-50 elementor-top-column elementor-element elementor-element-d098a07\" data-id=\"d098a07\" data-element_type=\"column\" data-e-type=\"column\" data-settings=\"{&quot;background_background&quot;:&quot;classic&quot;}\">\n\t\t\t<div class=\"elementor-widget-wrap elementor-element-populated\">\n\t\t\t\t\t\t<div class=\"elementor-element elementor-element-f9e6187 elementor-widget elementor-widget-heading\" data-id=\"f9e6187\" data-element_type=\"widget\" data-e-type=\"widget\" data-settings=\"{&quot;_animation&quot;:&quot;none&quot;,&quot;_animation_tablet&quot;:&quot;none&quot;,&quot;_animation_mobile&quot;:&quot;none&quot;,&quot;_animation_delay&quot;:100}\" data-widget_type=\"heading.default\">\n\t\t\t\t<div class=\"elementor-widget-container\">\n\t\t\t\t\t<h2 class=\"elementor-heading-title elementor-size-default\">EAEVE status approval\n\n <\/h2>\t\t\t\t<\/div>\n\t\t\t\t<\/div>\n\t\t\t\t<div class=\"elementor-element elementor-element-b4dc693 vamtam-has-underline-anim elementor-align-left elementor-widget elementor-widget-button\" data-id=\"b4dc693\" data-element_type=\"widget\" data-e-type=\"widget\" data-settings=\"{&quot;_animation&quot;:&quot;none&quot;,&quot;_animation_delay&quot;:200,&quot;_animation_tablet&quot;:&quot;none&quot;,&quot;_animation_mobile&quot;:&quot;none&quot;}\" data-widget_type=\"button.default\">\n\t\t\t\t<div class=\"elementor-widget-container\">\n\t\t\t\t\t\t\t\t\t<div class=\"elementor-button-wrapper\">\n\t\t\t\t\t<a class=\"elementor-button elementor-button-link elementor-size-sm\" href=\"https:\/\/fmvb.ro\/wp-content\/uploads\/2023\/02\/2022_EAEVE_status_UASVM_of_Bucharest.pdf\">\n\t\t\t\t\t\t<span class=\"elementor-button-content-wrapper\">\n\t\t\t\t\t\t<span class=\"elementor-button-icon\">\n\t\t\t\t<i aria-hidden=\"true\" class=\"fas fa-arrow-right\"><\/i>\t\t\t<\/span>\n\t\t\t\t\t\t\t\t\t<span class=\"elementor-button-text\">EAEVE Status 2022,<\/span>\n\t\t\t\t\t<\/span>\n\t\t\t\t\t<\/a>\n\t\t\t\t<\/div>\n\t\t\t\t\t\t\t\t<\/div>\n\t\t\t\t<\/div>\n\t\t\t\t<div class=\"elementor-element elementor-element-b74bcbf vamtam-has-underline-anim elementor-align-left elementor-widget elementor-widget-button\" data-id=\"b74bcbf\" data-element_type=\"widget\" data-e-type=\"widget\" data-settings=\"{&quot;_animation&quot;:&quot;none&quot;,&quot;_animation_delay&quot;:200,&quot;_animation_tablet&quot;:&quot;none&quot;,&quot;_animation_mobile&quot;:&quot;none&quot;}\" data-widget_type=\"button.default\">\n\t\t\t\t<div class=\"elementor-widget-container\">\n\t\t\t\t\t\t\t\t\t<div class=\"elementor-button-wrapper\">\n\t\t\t\t\t<a class=\"elementor-button elementor-button-link elementor-size-sm\" href=\"https:\/\/fmvb.ro\/wp-content\/uploads\/2022\/08\/EAEVE_Establishments_Status_Nov_2016_approved_by_ExCom_on_23_November_2016.pdf\" target=\"_blank\">\n\t\t\t\t\t\t<span class=\"elementor-button-content-wrapper\">\n\t\t\t\t\t\t<span class=\"elementor-button-icon\">\n\t\t\t\t<i aria-hidden=\"true\" class=\"fas fa-arrow-right\"><\/i>\t\t\t<\/span>\n\t\t\t\t\t\t\t\t\t<span class=\"elementor-button-text\">EAEVE status\u00a0APPROVAL (p.3, list no. 57)<\/span>\n\t\t\t\t\t<\/span>\n\t\t\t\t\t<\/a>\n\t\t\t\t<\/div>\n\t\t\t\t\t\t\t\t<\/div>\n\t\t\t\t<\/div>\n\t\t\t\t<div class=\"elementor-element elementor-element-c185498 vamtam-has-underline-anim elementor-align-left elementor-widget elementor-widget-button\" data-id=\"c185498\" data-element_type=\"widget\" data-e-type=\"widget\" data-settings=\"{&quot;_animation&quot;:&quot;none&quot;,&quot;_animation_delay&quot;:200,&quot;_animation_tablet&quot;:&quot;none&quot;,&quot;_animation_mobile&quot;:&quot;none&quot;}\" data-widget_type=\"button.default\">\n\t\t\t\t<div class=\"elementor-widget-container\">\n\t\t\t\t\t\t\t\t\t<div class=\"elementor-button-wrapper\">\n\t\t\t\t\t<a class=\"elementor-button elementor-size-sm\" role=\"button\">\n\t\t\t\t\t\t<span class=\"elementor-button-content-wrapper\">\n\t\t\t\t\t\t<span class=\"elementor-button-icon\">\n\t\t\t\t<i aria-hidden=\"true\" class=\"fas fa-arrow-right\"><\/i>\t\t\t<\/span>\n\t\t\t\t\t\t\t\t\t<span class=\"elementor-button-text\">Self Evaluation Report 2021<\/span>\n\t\t\t\t\t<\/span>\n\t\t\t\t\t<\/a>\n\t\t\t\t<\/div>\n\t\t\t\t\t\t\t\t<\/div>\n\t\t\t\t<\/div>\n\t\t\t\t<div class=\"elementor-element elementor-element-d0ca2f4 vamtam-has-underline-anim elementor-align-left elementor-widget elementor-widget-button\" data-id=\"d0ca2f4\" data-element_type=\"widget\" data-e-type=\"widget\" data-settings=\"{&quot;_animation&quot;:&quot;none&quot;,&quot;_animation_delay&quot;:200,&quot;_animation_tablet&quot;:&quot;none&quot;,&quot;_animation_mobile&quot;:&quot;none&quot;}\" data-widget_type=\"button.default\">\n\t\t\t\t<div class=\"elementor-widget-container\">\n\t\t\t\t\t\t\t\t\t<div class=\"elementor-button-wrapper\">\n\t\t\t\t\t<a class=\"elementor-button elementor-button-link elementor-size-sm\" href=\"https:\/\/fmvb.ro\/wp-content\/uploads\/2023\/01\/DSC_6529refit3.jpg\">\n\t\t\t\t\t\t<span class=\"elementor-button-content-wrapper\">\n\t\t\t\t\t\t<span class=\"elementor-button-icon\">\n\t\t\t\t<i aria-hidden=\"true\" class=\"fas fa-arrow-right\"><\/i>\t\t\t<\/span>\n\t\t\t\t\t\t\t\t\t<span class=\"elementor-button-text\">Certificate of approval<\/span>\n\t\t\t\t\t<\/span>\n\t\t\t\t\t<\/a>\n\t\t\t\t<\/div>\n\t\t\t\t\t\t\t\t<\/div>\n\t\t\t\t<\/div>\n\t\t\t\t<div class=\"elementor-element elementor-element-de49819 vamtam-has-underline-anim elementor-align-left elementor-widget elementor-widget-button\" data-id=\"de49819\" data-element_type=\"widget\" data-e-type=\"widget\" data-settings=\"{&quot;_animation&quot;:&quot;none&quot;,&quot;_animation_delay&quot;:200,&quot;_animation_tablet&quot;:&quot;none&quot;,&quot;_animation_mobile&quot;:&quot;none&quot;}\" data-widget_type=\"button.default\">\n\t\t\t\t<div class=\"elementor-widget-container\">\n\t\t\t\t\t\t\t\t\t<div class=\"elementor-button-wrapper\">\n\t\t\t\t\t<a class=\"elementor-button elementor-button-link elementor-size-sm\" href=\"https:\/\/fmvb.ro\/wp-content\/uploads\/2022\/08\/EAEVE-final-report-USAMVB-FMV.pdf\">\n\t\t\t\t\t\t<span class=\"elementor-button-content-wrapper\">\n\t\t\t\t\t\t<span class=\"elementor-button-icon\">\n\t\t\t\t<i aria-hidden=\"true\" class=\"fas fa-arrow-right\"><\/i>\t\t\t<\/span>\n\t\t\t\t\t\t\t\t\t<span class=\"elementor-button-text\">Final Report of the Re-visitation<\/span>\n\t\t\t\t\t<\/span>\n\t\t\t\t\t<\/a>\n\t\t\t\t<\/div>\n\t\t\t\t\t\t\t\t<\/div>\n\t\t\t\t<\/div>\n\t\t\t\t<div class=\"elementor-element elementor-element-9a21092 vamtam-has-underline-anim elementor-align-left elementor-widget elementor-widget-button\" data-id=\"9a21092\" data-element_type=\"widget\" data-e-type=\"widget\" data-settings=\"{&quot;_animation&quot;:&quot;none&quot;,&quot;_animation_delay&quot;:200,&quot;_animation_tablet&quot;:&quot;none&quot;,&quot;_animation_mobile&quot;:&quot;none&quot;}\" data-widget_type=\"button.default\">\n\t\t\t\t<div class=\"elementor-widget-container\">\n\t\t\t\t\t\t\t\t\t<div class=\"elementor-button-wrapper\">\n\t\t\t\t\t<a class=\"elementor-button elementor-button-link elementor-size-sm\" href=\"https:\/\/fmvb.ro\/wp-content\/uploads\/2022\/08\/FINAL-REPORT-ON-THE-RESULTS-AND-CORRECTIONS-OF-THE-DEFICIENCIES-POINTED-OUT-IN-THE-FINAL-DECISION-BY-ECOVE.pdf\">\n\t\t\t\t\t\t<span class=\"elementor-button-content-wrapper\">\n\t\t\t\t\t\t<span class=\"elementor-button-icon\">\n\t\t\t\t<i aria-hidden=\"true\" class=\"fas fa-arrow-right\"><\/i>\t\t\t<\/span>\n\t\t\t\t\t\t\t\t\t<span class=\"elementor-button-text\">Faculty of Veterinary Medicine \u2013 U.A.S.V.M. of Bucharest Report<\/span>\n\t\t\t\t\t<\/span>\n\t\t\t\t\t<\/a>\n\t\t\t\t<\/div>\n\t\t\t\t\t\t\t\t<\/div>\n\t\t\t\t<\/div>\n\t\t\t\t\t<\/div>\n\t\t<\/div>\n\t\t\t\t<div class=\"elementor-column elementor-col-50 elementor-top-column elementor-element elementor-element-92d62da\" data-id=\"92d62da\" data-element_type=\"column\" data-e-type=\"column\" data-settings=\"{&quot;background_background&quot;:&quot;classic&quot;}\">\n\t\t\t<div class=\"elementor-widget-wrap elementor-element-populated\">\n\t\t\t\t\t\t<div class=\"elementor-element elementor-element-1eecf42 elementor-widget elementor-widget-image\" data-id=\"1eecf42\" data-element_type=\"widget\" data-e-type=\"widget\" id=\"eaeve_en_archive\" data-widget_type=\"image.default\">\n\t\t\t\t<div class=\"elementor-widget-container\">\n\t\t\t\t\t\t\t\t\t<div class=\"elementor-image\">\n\t\t\t\t\t\t\t\t\t\t\t\t\t\t\t\t\t\t\t\t\t<img fetchpriority=\"high\" decoding=\"async\" width=\"599\" height=\"727\" src=\"https:\/\/fmvb.ro\/wp-content\/uploads\/2023\/02\/prezentare-veterinara.jpg\" class=\"attachment-large size-large wp-image-993363\" alt=\"\" srcset=\"https:\/\/fmvb.ro\/wp-content\/uploads\/2023\/02\/prezentare-veterinara.jpg 599w, https:\/\/fmvb.ro\/wp-content\/uploads\/2023\/02\/prezentare-veterinara-247x300.jpg 247w\" sizes=\"(max-width: 599px) 100vw, 599px\" \/>\t\t\t\t\t\t\t\t\t\t\t\t\t\t\t\t\t\t\t\t\t\t\t\t<\/div>\n\t\t\t\t\t\t\t\t<\/div>\n\t\t\t\t<\/div>\n\t\t\t\t\t<\/div>\n\t\t<\/div>\n\t\t\t\t\t<\/div>\n\t\t<\/section>\n\t\t\t\t<\/div>\n\t\t","protected":false},"excerpt":{"rendered":"<p>EAEVE Archive EAEVE status approval EAEVE Status 2022, EAEVE status\u00a0APPROVAL (p.3, list no. 57) Self Evaluation Report 2021 Certificate of approval Final Report of the Re-visitation Faculty of Veterinary Medicine \u2013 U.A.S.V.M. of Bucharest Report<\/p>\n","protected":false},"author":9,"featured_media":0,"parent":0,"menu_order":0,"comment_status":"closed","ping_status":"closed","template":"","meta":{"inline_featured_image":false,"footnotes":""},"class_list":["post-1002321","page","type-page","status-publish","hentry"],"yoast_head":"<!-- This site is optimized with the Yoast SEO plugin v27.4 - https:\/\/yoast.com\/product\/yoast-seo-wordpress\/ -->\n<title>EAEVE_EN_ARCHIVE - Facultatea de Medicin\u0103 Veterinar\u0103 | USAMV Bucure\u015fti<\/title>\n<meta name=\"robots\" content=\"index, follow, max-snippet:-1, max-image-preview:large, max-video-preview:-1\" \/>\n<link rel=\"canonical\" href=\"https:\/\/fmvb.ro\/en\/eaeve_en_archive\/\" \/>\n<meta property=\"og:locale\" content=\"en_US\" \/>\n<meta property=\"og:type\" content=\"article\" \/>\n<meta property=\"og:title\" content=\"EAEVE_EN_ARCHIVE - Facultatea de Medicin\u0103 Veterinar\u0103 | USAMV Bucure\u015fti\" \/>\n<meta property=\"og:description\" content=\"EAEVE Archive EAEVE status approval EAEVE Status 2022, EAEVE status\u00a0APPROVAL (p.3, list no. 57) Self Evaluation Report 2021 Certificate of approval Final Report of the Re-visitation Faculty of Veterinary Medicine \u2013 U.A.S.V.M. of Bucharest Report\" \/>\n<meta property=\"og:url\" content=\"https:\/\/fmvb.ro\/en\/eaeve_en_archive\/\" \/>\n<meta property=\"og:site_name\" content=\"Facultatea de Medicin\u0103 Veterinar\u0103 | USAMV Bucure\u015fti\" \/>\n<meta property=\"article:publisher\" content=\"https:\/\/www.facebook.com\/profile.php?id=100083306763586\" \/>\n<meta property=\"article:modified_time\" content=\"2024-06-20T10:49:02+00:00\" \/>\n<meta property=\"og:image\" content=\"https:\/\/fmvb.ro\/wp-content\/uploads\/2023\/02\/prezentare-veterinara.jpg\" \/>\n<meta name=\"twitter:card\" content=\"summary_large_image\" \/>\n<meta name=\"twitter:label1\" content=\"Est. reading time\" \/>\n\t<meta name=\"twitter:data1\" content=\"1 minute\" \/>\n<script type=\"application\/ld+json\" class=\"yoast-schema-graph\">{\"@context\":\"https:\\\/\\\/schema.org\",\"@graph\":[{\"@type\":\"WebPage\",\"@id\":\"https:\\\/\\\/fmvb.ro\\\/en\\\/eaeve_en_archive\\\/\",\"url\":\"https:\\\/\\\/fmvb.ro\\\/en\\\/eaeve_en_archive\\\/\",\"name\":\"EAEVE_EN_ARCHIVE - Facultatea de Medicin\u0103 Veterinar\u0103 | USAMV Bucure\u015fti\",\"isPartOf\":{\"@id\":\"https:\\\/\\\/fmvb.ro\\\/#website\"},\"primaryImageOfPage\":{\"@id\":\"https:\\\/\\\/fmvb.ro\\\/en\\\/eaeve_en_archive\\\/#primaryimage\"},\"image\":{\"@id\":\"https:\\\/\\\/fmvb.ro\\\/en\\\/eaeve_en_archive\\\/#primaryimage\"},\"thumbnailUrl\":\"https:\\\/\\\/fmvb.ro\\\/wp-content\\\/uploads\\\/2023\\\/02\\\/prezentare-veterinara.jpg\",\"datePublished\":\"2024-06-20T10:46:54+00:00\",\"dateModified\":\"2024-06-20T10:49:02+00:00\",\"breadcrumb\":{\"@id\":\"https:\\\/\\\/fmvb.ro\\\/en\\\/eaeve_en_archive\\\/#breadcrumb\"},\"inLanguage\":\"en-US\",\"potentialAction\":[{\"@type\":\"ReadAction\",\"target\":[\"https:\\\/\\\/fmvb.ro\\\/en\\\/eaeve_en_archive\\\/\"]}]},{\"@type\":\"ImageObject\",\"inLanguage\":\"en-US\",\"@id\":\"https:\\\/\\\/fmvb.ro\\\/en\\\/eaeve_en_archive\\\/#primaryimage\",\"url\":\"https:\\\/\\\/fmvb.ro\\\/wp-content\\\/uploads\\\/2023\\\/02\\\/prezentare-veterinara.jpg\",\"contentUrl\":\"https:\\\/\\\/fmvb.ro\\\/wp-content\\\/uploads\\\/2023\\\/02\\\/prezentare-veterinara.jpg\"},{\"@type\":\"BreadcrumbList\",\"@id\":\"https:\\\/\\\/fmvb.ro\\\/en\\\/eaeve_en_archive\\\/#breadcrumb\",\"itemListElement\":[{\"@type\":\"ListItem\",\"position\":1,\"name\":\"Prima pagin\u0103\",\"item\":\"https:\\\/\\\/fmvb.ro\\\/en\\\/\"},{\"@type\":\"ListItem\",\"position\":2,\"name\":\"EAEVE_EN_ARCHIVE\"}]},{\"@type\":\"WebSite\",\"@id\":\"https:\\\/\\\/fmvb.ro\\\/#website\",\"url\":\"https:\\\/\\\/fmvb.ro\\\/\",\"name\":\"Facultatea de Medicin\u0103 Veterinar\u0103 | USAMV Bucure\u015fti\",\"description\":\"\",\"publisher\":{\"@id\":\"https:\\\/\\\/fmvb.ro\\\/#organization\"},\"potentialAction\":[{\"@type\":\"SearchAction\",\"target\":{\"@type\":\"EntryPoint\",\"urlTemplate\":\"https:\\\/\\\/fmvb.ro\\\/?s={search_term_string}\"},\"query-input\":{\"@type\":\"PropertyValueSpecification\",\"valueRequired\":true,\"valueName\":\"search_term_string\"}}],\"inLanguage\":\"en-US\"},{\"@type\":\"Organization\",\"@id\":\"https:\\\/\\\/fmvb.ro\\\/#organization\",\"name\":\"Facultatea de Medicin\u0103 Veterinar\u0103 | USAMV Bucure\u015fti\",\"url\":\"https:\\\/\\\/fmvb.ro\\\/\",\"logo\":{\"@type\":\"ImageObject\",\"inLanguage\":\"en-US\",\"@id\":\"https:\\\/\\\/fmvb.ro\\\/#\\\/schema\\\/logo\\\/image\\\/\",\"url\":\"https:\\\/\\\/fmvb.ro\\\/wp-content\\\/uploads\\\/2022\\\/09\\\/logo-MV-corect.svg\",\"contentUrl\":\"https:\\\/\\\/fmvb.ro\\\/wp-content\\\/uploads\\\/2022\\\/09\\\/logo-MV-corect.svg\",\"caption\":\"Facultatea de Medicin\u0103 Veterinar\u0103 | USAMV Bucure\u015fti\"},\"image\":{\"@id\":\"https:\\\/\\\/fmvb.ro\\\/#\\\/schema\\\/logo\\\/image\\\/\"},\"sameAs\":[\"https:\\\/\\\/www.facebook.com\\\/profile.php?id=100083306763586\",\"https:\\\/\\\/www.instagram.com\\\/usamv_buc\\\/\",\"https:\\\/\\\/www.tiktok.com\\\/@usamvbucuresti\",\"https:\\\/\\\/www.linkedin.com\\\/school\\\/universitatea-de-tiine-agronomice-i-medicin-veterinar-din-bucureti\\\/\"]}]}<\/script>\n<!-- \/ Yoast SEO plugin. -->","yoast_head_json":{"title":"EAEVE_EN_ARCHIVE - Facultatea de Medicin\u0103 Veterinar\u0103 | USAMV Bucure\u015fti","robots":{"index":"index","follow":"follow","max-snippet":"max-snippet:-1","max-image-preview":"max-image-preview:large","max-video-preview":"max-video-preview:-1"},"canonical":"https:\/\/fmvb.ro\/en\/eaeve_en_archive\/","og_locale":"en_US","og_type":"article","og_title":"EAEVE_EN_ARCHIVE - Facultatea de Medicin\u0103 Veterinar\u0103 | USAMV Bucure\u015fti","og_description":"EAEVE Archive EAEVE status approval EAEVE Status 2022, EAEVE status\u00a0APPROVAL (p.3, list no. 57) Self Evaluation Report 2021 Certificate of approval Final Report of the Re-visitation Faculty of Veterinary Medicine \u2013 U.A.S.V.M. of Bucharest Report","og_url":"https:\/\/fmvb.ro\/en\/eaeve_en_archive\/","og_site_name":"Facultatea de Medicin\u0103 Veterinar\u0103 | USAMV Bucure\u015fti","article_publisher":"https:\/\/www.facebook.com\/profile.php?id=100083306763586","article_modified_time":"2024-06-20T10:49:02+00:00","og_image":[{"url":"https:\/\/fmvb.ro\/wp-content\/uploads\/2023\/02\/prezentare-veterinara.jpg","type":"","width":"","height":""}],"twitter_card":"summary_large_image","twitter_misc":{"Est. reading time":"1 minute"},"schema":{"@context":"https:\/\/schema.org","@graph":[{"@type":"WebPage","@id":"https:\/\/fmvb.ro\/en\/eaeve_en_archive\/","url":"https:\/\/fmvb.ro\/en\/eaeve_en_archive\/","name":"EAEVE_EN_ARCHIVE - Facultatea de Medicin\u0103 Veterinar\u0103 | USAMV Bucure\u015fti","isPartOf":{"@id":"https:\/\/fmvb.ro\/#website"},"primaryImageOfPage":{"@id":"https:\/\/fmvb.ro\/en\/eaeve_en_archive\/#primaryimage"},"image":{"@id":"https:\/\/fmvb.ro\/en\/eaeve_en_archive\/#primaryimage"},"thumbnailUrl":"https:\/\/fmvb.ro\/wp-content\/uploads\/2023\/02\/prezentare-veterinara.jpg","datePublished":"2024-06-20T10:46:54+00:00","dateModified":"2024-06-20T10:49:02+00:00","breadcrumb":{"@id":"https:\/\/fmvb.ro\/en\/eaeve_en_archive\/#breadcrumb"},"inLanguage":"en-US","potentialAction":[{"@type":"ReadAction","target":["https:\/\/fmvb.ro\/en\/eaeve_en_archive\/"]}]},{"@type":"ImageObject","inLanguage":"en-US","@id":"https:\/\/fmvb.ro\/en\/eaeve_en_archive\/#primaryimage","url":"https:\/\/fmvb.ro\/wp-content\/uploads\/2023\/02\/prezentare-veterinara.jpg","contentUrl":"https:\/\/fmvb.ro\/wp-content\/uploads\/2023\/02\/prezentare-veterinara.jpg"},{"@type":"BreadcrumbList","@id":"https:\/\/fmvb.ro\/en\/eaeve_en_archive\/#breadcrumb","itemListElement":[{"@type":"ListItem","position":1,"name":"Prima pagin\u0103","item":"https:\/\/fmvb.ro\/en\/"},{"@type":"ListItem","position":2,"name":"EAEVE_EN_ARCHIVE"}]},{"@type":"WebSite","@id":"https:\/\/fmvb.ro\/#website","url":"https:\/\/fmvb.ro\/","name":"Facultatea de Medicin\u0103 Veterinar\u0103 | USAMV Bucure\u015fti","description":"","publisher":{"@id":"https:\/\/fmvb.ro\/#organization"},"potentialAction":[{"@type":"SearchAction","target":{"@type":"EntryPoint","urlTemplate":"https:\/\/fmvb.ro\/?s={search_term_string}"},"query-input":{"@type":"PropertyValueSpecification","valueRequired":true,"valueName":"search_term_string"}}],"inLanguage":"en-US"},{"@type":"Organization","@id":"https:\/\/fmvb.ro\/#organization","name":"Facultatea de Medicin\u0103 Veterinar\u0103 | USAMV Bucure\u015fti","url":"https:\/\/fmvb.ro\/","logo":{"@type":"ImageObject","inLanguage":"en-US","@id":"https:\/\/fmvb.ro\/#\/schema\/logo\/image\/","url":"https:\/\/fmvb.ro\/wp-content\/uploads\/2022\/09\/logo-MV-corect.svg","contentUrl":"https:\/\/fmvb.ro\/wp-content\/uploads\/2022\/09\/logo-MV-corect.svg","caption":"Facultatea de Medicin\u0103 Veterinar\u0103 | USAMV Bucure\u015fti"},"image":{"@id":"https:\/\/fmvb.ro\/#\/schema\/logo\/image\/"},"sameAs":["https:\/\/www.facebook.com\/profile.php?id=100083306763586","https:\/\/www.instagram.com\/usamv_buc\/","https:\/\/www.tiktok.com\/@usamvbucuresti","https:\/\/www.linkedin.com\/school\/universitatea-de-tiine-agronomice-i-medicin-veterinar-din-bucureti\/"]}]}},"_links":{"self":[{"href":"https:\/\/fmvb.ro\/en\/wp-json\/wp\/v2\/pages\/1002321","targetHints":{"allow":["GET"]}}],"collection":[{"href":"https:\/\/fmvb.ro\/en\/wp-json\/wp\/v2\/pages"}],"about":[{"href":"https:\/\/fmvb.ro\/en\/wp-json\/wp\/v2\/types\/page"}],"author":[{"embeddable":true,"href":"https:\/\/fmvb.ro\/en\/wp-json\/wp\/v2\/users\/9"}],"replies":[{"embeddable":true,"href":"https:\/\/fmvb.ro\/en\/wp-json\/wp\/v2\/comments?post=1002321"}],"version-history":[{"count":0,"href":"https:\/\/fmvb.ro\/en\/wp-json\/wp\/v2\/pages\/1002321\/revisions"}],"wp:attachment":[{"href":"https:\/\/fmvb.ro\/en\/wp-json\/wp\/v2\/media?parent=1002321"}],"curies":[{"name":"wp","href":"https:\/\/api.w.org\/{rel}","templated":true}]}}