{"id":1011414,"date":"2025-03-13T11:48:18","date_gmt":"2025-03-13T09:48:18","guid":{"rendered":"https:\/\/fmvb.ro\/?page_id=1011414"},"modified":"2025-03-13T11:51:57","modified_gmt":"2025-03-13T09:51:57","slug":"admission-archive","status":"publish","type":"page","link":"https:\/\/fmvb.ro\/en\/admission-archive\/","title":{"rendered":"Admission Archive"},"content":{"rendered":"\t\t<div data-elementor-type=\"wp-page\" data-elementor-id=\"1011414\" class=\"elementor elementor-1011414\" data-elementor-post-type=\"page\">\n\t\t\t\t\t\t<section class=\"elementor-section elementor-top-section elementor-element elementor-element-2a5445b elementor-section-boxed elementor-section-height-default elementor-section-height-default\" data-id=\"2a5445b\" data-element_type=\"section\" data-e-type=\"section\">\n\t\t\t\t\t\t<div class=\"elementor-container elementor-column-gap-default\">\n\t\t\t\t\t<div class=\"elementor-column elementor-col-100 elementor-top-column elementor-element elementor-element-23c5170 animated-fast elementor-invisible\" data-id=\"23c5170\" data-element_type=\"column\" data-e-type=\"column\" data-settings=\"{&quot;background_background&quot;:&quot;classic&quot;,&quot;animation&quot;:&quot;fadeIn&quot;,&quot;animation_delay&quot;:100}\">\n\t\t\t<div class=\"elementor-widget-wrap elementor-element-populated\">\n\t\t\t\t\t\t<div class=\"elementor-element elementor-element-5786c3f elementor-widget__width-auto elementor-widget-tablet__width-auto elementor-widget-mobile__width-inherit elementor-widget elementor-widget-heading\" data-id=\"5786c3f\" data-element_type=\"widget\" data-e-type=\"widget\" data-settings=\"{&quot;_animation&quot;:&quot;none&quot;,&quot;_animation_delay&quot;:200}\" data-widget_type=\"heading.heading_charityfy\">\n\t\t\t\t<div class=\"elementor-widget-container\">\n\t\t\t\t\t<h1 class=\"elementor-heading-title elementor-size-default\">Admission Archive<\/h1>\t\t\t\t<\/div>\n\t\t\t\t<\/div>\n\t\t\t\t\t<\/div>\n\t\t<\/div>\n\t\t\t\t\t<\/div>\n\t\t<\/section>\n\t\t\t\t<section class=\"elementor-section elementor-top-section elementor-element elementor-element-32b797d elementor-section-boxed elementor-section-height-default elementor-section-height-default\" data-id=\"32b797d\" data-element_type=\"section\" data-e-type=\"section\">\n\t\t\t\t\t\t<div class=\"elementor-container elementor-column-gap-default\">\n\t\t\t\t\t<div class=\"elementor-column elementor-col-100 elementor-top-column elementor-element elementor-element-84e9ae7\" data-id=\"84e9ae7\" data-element_type=\"column\" data-e-type=\"column\">\n\t\t\t<div class=\"elementor-widget-wrap elementor-element-populated\">\n\t\t\t\t\t\t<div class=\"elementor-element elementor-element-d3beecf elementor-align-left elementor-widget__width-initial elementor-widget elementor-widget-button\" data-id=\"d3beecf\" data-element_type=\"widget\" data-e-type=\"widget\" data-settings=\"{&quot;_animation&quot;:&quot;none&quot;,&quot;_animation_tablet&quot;:&quot;none&quot;,&quot;_animation_mobile&quot;:&quot;none&quot;,&quot;_animation_delay&quot;:200}\" data-widget_type=\"button.default\">\n\t\t\t\t<div class=\"elementor-widget-container\">\n\t\t\t\t\t\t\t\t\t<div class=\"elementor-button-wrapper\">\n\t\t\t\t\t<a class=\"elementor-button elementor-button-link elementor-size-sm\" href=\"https:\/\/fmvb.ro\/en\/admission_archive_2024_en\" target=\"_blank\" id=\"page_menu\">\n\t\t\t\t\t\t<span class=\"elementor-button-content-wrapper\">\n\t\t\t\t\t\t<span class=\"elementor-button-icon\">\n\t\t\t\t<i aria-hidden=\"true\" class=\"vamtamtheme- vamtam-theme-arrow-right\"><\/i>\t\t\t<\/span>\n\t\t\t\t\t\t\t\t\t<span class=\"elementor-button-text\">Admission Arhive 2024<\/span>\n\t\t\t\t\t<\/span>\n\t\t\t\t\t<\/a>\n\t\t\t\t<\/div>\n\t\t\t\t\t\t\t\t<\/div>\n\t\t\t\t<\/div>\n\t\t\t\t\t<\/div>\n\t\t<\/div>\n\t\t\t\t\t<\/div>\n\t\t<\/section>\n\t\t\t\t<section class=\"elementor-section elementor-top-section elementor-element elementor-element-88fc0db elementor-section-boxed elementor-section-height-default elementor-section-height-default\" data-id=\"88fc0db\" data-element_type=\"section\" data-e-type=\"section\">\n\t\t\t\t\t\t<div class=\"elementor-container elementor-column-gap-default\">\n\t\t\t\t\t<div class=\"elementor-column elementor-col-100 elementor-top-column elementor-element elementor-element-439cb09\" data-id=\"439cb09\" data-element_type=\"column\" data-e-type=\"column\">\n\t\t\t<div class=\"elementor-widget-wrap elementor-element-populated\">\n\t\t\t\t\t\t<div class=\"elementor-element elementor-element-2fc31bb elementor-align-left elementor-widget elementor-widget-button\" data-id=\"2fc31bb\" data-element_type=\"widget\" data-e-type=\"widget\" data-settings=\"{&quot;_animation&quot;:&quot;none&quot;,&quot;_animation_tablet&quot;:&quot;none&quot;,&quot;_animation_mobile&quot;:&quot;none&quot;,&quot;_animation_delay&quot;:200}\" data-widget_type=\"button.default\">\n\t\t\t\t<div class=\"elementor-widget-container\">\n\t\t\t\t\t\t\t\t\t<div class=\"elementor-button-wrapper\">\n\t\t\t\t\t<a class=\"elementor-button elementor-button-link elementor-size-sm\" href=\"https:\/\/fmvb.ro\/arhiva-rezultate-admitere-2022\/\" id=\"page_menu\">\n\t\t\t\t\t\t<span class=\"elementor-button-content-wrapper\">\n\t\t\t\t\t\t<span class=\"elementor-button-icon\">\n\t\t\t\t<i aria-hidden=\"true\" class=\"vamtamtheme- vamtam-theme-arrow-right\"><\/i>\t\t\t<\/span>\n\t\t\t\t\t\t\t\t\t<span class=\"elementor-button-text\">Admission Archive 2022<\/span>\n\t\t\t\t\t<\/span>\n\t\t\t\t\t<\/a>\n\t\t\t\t<\/div>\n\t\t\t\t\t\t\t\t<\/div>\n\t\t\t\t<\/div>\n\t\t\t\t\t<\/div>\n\t\t<\/div>\n\t\t\t\t\t<\/div>\n\t\t<\/section>\n\t\t\t\t<\/div>\n\t\t","protected":false},"excerpt":{"rendered":"<p>Admission Archive Admission Arhive 2024 Admission Archive 2022<\/p>\n","protected":false},"author":10,"featured_media":0,"parent":0,"menu_order":0,"comment_status":"closed","ping_status":"closed","template":"","meta":{"inline_featured_image":false,"footnotes":""},"class_list":["post-1011414","page","type-page","status-publish","hentry"],"yoast_head":"<!-- This site is optimized with the Yoast SEO plugin v27.4 - https:\/\/yoast.com\/product\/yoast-seo-wordpress\/ -->\n<title>Admission Archive - Facultatea de Medicin\u0103 Veterinar\u0103 | USAMV Bucure\u015fti<\/title>\n<meta name=\"robots\" content=\"index, follow, max-snippet:-1, max-image-preview:large, max-video-preview:-1\" \/>\n<link rel=\"canonical\" href=\"https:\/\/fmvb.ro\/en\/admission-archive\/\" \/>\n<meta property=\"og:locale\" content=\"en_US\" \/>\n<meta property=\"og:type\" content=\"article\" \/>\n<meta property=\"og:title\" content=\"Admission Archive - Facultatea de Medicin\u0103 Veterinar\u0103 | USAMV Bucure\u015fti\" \/>\n<meta property=\"og:description\" content=\"Admission Archive Admission Arhive 2024 Admission Archive 2022\" \/>\n<meta property=\"og:url\" content=\"https:\/\/fmvb.ro\/en\/admission-archive\/\" \/>\n<meta property=\"og:site_name\" content=\"Facultatea de Medicin\u0103 Veterinar\u0103 | USAMV Bucure\u015fti\" \/>\n<meta property=\"article:publisher\" content=\"https:\/\/www.facebook.com\/profile.php?id=100083306763586\" \/>\n<meta property=\"article:modified_time\" content=\"2025-03-13T09:51:57+00:00\" \/>\n<meta name=\"twitter:card\" content=\"summary_large_image\" \/>\n<meta name=\"twitter:label1\" content=\"Est. reading time\" \/>\n\t<meta name=\"twitter:data1\" content=\"1 minute\" \/>\n<script type=\"application\/ld+json\" class=\"yoast-schema-graph\">{\"@context\":\"https:\\\/\\\/schema.org\",\"@graph\":[{\"@type\":\"WebPage\",\"@id\":\"https:\\\/\\\/fmvb.ro\\\/en\\\/admission-archive\\\/\",\"url\":\"https:\\\/\\\/fmvb.ro\\\/en\\\/admission-archive\\\/\",\"name\":\"Admission Archive - Facultatea de Medicin\u0103 Veterinar\u0103 | USAMV Bucure\u015fti\",\"isPartOf\":{\"@id\":\"https:\\\/\\\/fmvb.ro\\\/#website\"},\"datePublished\":\"2025-03-13T09:48:18+00:00\",\"dateModified\":\"2025-03-13T09:51:57+00:00\",\"breadcrumb\":{\"@id\":\"https:\\\/\\\/fmvb.ro\\\/en\\\/admission-archive\\\/#breadcrumb\"},\"inLanguage\":\"en-US\",\"potentialAction\":[{\"@type\":\"ReadAction\",\"target\":[\"https:\\\/\\\/fmvb.ro\\\/en\\\/admission-archive\\\/\"]}]},{\"@type\":\"BreadcrumbList\",\"@id\":\"https:\\\/\\\/fmvb.ro\\\/en\\\/admission-archive\\\/#breadcrumb\",\"itemListElement\":[{\"@type\":\"ListItem\",\"position\":1,\"name\":\"Prima pagin\u0103\",\"item\":\"https:\\\/\\\/fmvb.ro\\\/en\\\/\"},{\"@type\":\"ListItem\",\"position\":2,\"name\":\"Admission Archive\"}]},{\"@type\":\"WebSite\",\"@id\":\"https:\\\/\\\/fmvb.ro\\\/#website\",\"url\":\"https:\\\/\\\/fmvb.ro\\\/\",\"name\":\"Facultatea de Medicin\u0103 Veterinar\u0103 | USAMV Bucure\u015fti\",\"description\":\"\",\"publisher\":{\"@id\":\"https:\\\/\\\/fmvb.ro\\\/#organization\"},\"potentialAction\":[{\"@type\":\"SearchAction\",\"target\":{\"@type\":\"EntryPoint\",\"urlTemplate\":\"https:\\\/\\\/fmvb.ro\\\/?s={search_term_string}\"},\"query-input\":{\"@type\":\"PropertyValueSpecification\",\"valueRequired\":true,\"valueName\":\"search_term_string\"}}],\"inLanguage\":\"en-US\"},{\"@type\":\"Organization\",\"@id\":\"https:\\\/\\\/fmvb.ro\\\/#organization\",\"name\":\"Facultatea de Medicin\u0103 Veterinar\u0103 | USAMV Bucure\u015fti\",\"url\":\"https:\\\/\\\/fmvb.ro\\\/\",\"logo\":{\"@type\":\"ImageObject\",\"inLanguage\":\"en-US\",\"@id\":\"https:\\\/\\\/fmvb.ro\\\/#\\\/schema\\\/logo\\\/image\\\/\",\"url\":\"https:\\\/\\\/fmvb.ro\\\/wp-content\\\/uploads\\\/2022\\\/09\\\/logo-MV-corect.svg\",\"contentUrl\":\"https:\\\/\\\/fmvb.ro\\\/wp-content\\\/uploads\\\/2022\\\/09\\\/logo-MV-corect.svg\",\"caption\":\"Facultatea de Medicin\u0103 Veterinar\u0103 | USAMV Bucure\u015fti\"},\"image\":{\"@id\":\"https:\\\/\\\/fmvb.ro\\\/#\\\/schema\\\/logo\\\/image\\\/\"},\"sameAs\":[\"https:\\\/\\\/www.facebook.com\\\/profile.php?id=100083306763586\",\"https:\\\/\\\/www.instagram.com\\\/usamv_buc\\\/\",\"https:\\\/\\\/www.tiktok.com\\\/@usamvbucuresti\",\"https:\\\/\\\/www.linkedin.com\\\/school\\\/universitatea-de-tiine-agronomice-i-medicin-veterinar-din-bucureti\\\/\"]}]}<\/script>\n<!-- \/ Yoast SEO plugin. -->","yoast_head_json":{"title":"Admission Archive - Facultatea de Medicin\u0103 Veterinar\u0103 | USAMV Bucure\u015fti","robots":{"index":"index","follow":"follow","max-snippet":"max-snippet:-1","max-image-preview":"max-image-preview:large","max-video-preview":"max-video-preview:-1"},"canonical":"https:\/\/fmvb.ro\/en\/admission-archive\/","og_locale":"en_US","og_type":"article","og_title":"Admission Archive - Facultatea de Medicin\u0103 Veterinar\u0103 | USAMV Bucure\u015fti","og_description":"Admission Archive Admission Arhive 2024 Admission Archive 2022","og_url":"https:\/\/fmvb.ro\/en\/admission-archive\/","og_site_name":"Facultatea de Medicin\u0103 Veterinar\u0103 | USAMV Bucure\u015fti","article_publisher":"https:\/\/www.facebook.com\/profile.php?id=100083306763586","article_modified_time":"2025-03-13T09:51:57+00:00","twitter_card":"summary_large_image","twitter_misc":{"Est. reading time":"1 minute"},"schema":{"@context":"https:\/\/schema.org","@graph":[{"@type":"WebPage","@id":"https:\/\/fmvb.ro\/en\/admission-archive\/","url":"https:\/\/fmvb.ro\/en\/admission-archive\/","name":"Admission Archive - Facultatea de Medicin\u0103 Veterinar\u0103 | USAMV Bucure\u015fti","isPartOf":{"@id":"https:\/\/fmvb.ro\/#website"},"datePublished":"2025-03-13T09:48:18+00:00","dateModified":"2025-03-13T09:51:57+00:00","breadcrumb":{"@id":"https:\/\/fmvb.ro\/en\/admission-archive\/#breadcrumb"},"inLanguage":"en-US","potentialAction":[{"@type":"ReadAction","target":["https:\/\/fmvb.ro\/en\/admission-archive\/"]}]},{"@type":"BreadcrumbList","@id":"https:\/\/fmvb.ro\/en\/admission-archive\/#breadcrumb","itemListElement":[{"@type":"ListItem","position":1,"name":"Prima pagin\u0103","item":"https:\/\/fmvb.ro\/en\/"},{"@type":"ListItem","position":2,"name":"Admission Archive"}]},{"@type":"WebSite","@id":"https:\/\/fmvb.ro\/#website","url":"https:\/\/fmvb.ro\/","name":"Facultatea de Medicin\u0103 Veterinar\u0103 | USAMV Bucure\u015fti","description":"","publisher":{"@id":"https:\/\/fmvb.ro\/#organization"},"potentialAction":[{"@type":"SearchAction","target":{"@type":"EntryPoint","urlTemplate":"https:\/\/fmvb.ro\/?s={search_term_string}"},"query-input":{"@type":"PropertyValueSpecification","valueRequired":true,"valueName":"search_term_string"}}],"inLanguage":"en-US"},{"@type":"Organization","@id":"https:\/\/fmvb.ro\/#organization","name":"Facultatea de Medicin\u0103 Veterinar\u0103 | USAMV Bucure\u015fti","url":"https:\/\/fmvb.ro\/","logo":{"@type":"ImageObject","inLanguage":"en-US","@id":"https:\/\/fmvb.ro\/#\/schema\/logo\/image\/","url":"https:\/\/fmvb.ro\/wp-content\/uploads\/2022\/09\/logo-MV-corect.svg","contentUrl":"https:\/\/fmvb.ro\/wp-content\/uploads\/2022\/09\/logo-MV-corect.svg","caption":"Facultatea de Medicin\u0103 Veterinar\u0103 | USAMV Bucure\u015fti"},"image":{"@id":"https:\/\/fmvb.ro\/#\/schema\/logo\/image\/"},"sameAs":["https:\/\/www.facebook.com\/profile.php?id=100083306763586","https:\/\/www.instagram.com\/usamv_buc\/","https:\/\/www.tiktok.com\/@usamvbucuresti","https:\/\/www.linkedin.com\/school\/universitatea-de-tiine-agronomice-i-medicin-veterinar-din-bucureti\/"]}]}},"_links":{"self":[{"href":"https:\/\/fmvb.ro\/en\/wp-json\/wp\/v2\/pages\/1011414","targetHints":{"allow":["GET"]}}],"collection":[{"href":"https:\/\/fmvb.ro\/en\/wp-json\/wp\/v2\/pages"}],"about":[{"href":"https:\/\/fmvb.ro\/en\/wp-json\/wp\/v2\/types\/page"}],"author":[{"embeddable":true,"href":"https:\/\/fmvb.ro\/en\/wp-json\/wp\/v2\/users\/10"}],"replies":[{"embeddable":true,"href":"https:\/\/fmvb.ro\/en\/wp-json\/wp\/v2\/comments?post=1011414"}],"version-history":[{"count":0,"href":"https:\/\/fmvb.ro\/en\/wp-json\/wp\/v2\/pages\/1011414\/revisions"}],"wp:attachment":[{"href":"https:\/\/fmvb.ro\/en\/wp-json\/wp\/v2\/media?parent=1011414"}],"curies":[{"name":"wp","href":"https:\/\/api.w.org\/{rel}","templated":true}]}}