{"id":996584,"date":"2023-02-22T20:22:43","date_gmt":"2023-02-22T18:22:43","guid":{"rendered":"https:\/\/fmvb.ro\/student-associations\/"},"modified":"2023-05-15T14:00:56","modified_gmt":"2023-05-15T11:00:56","slug":"student-associations","status":"publish","type":"page","link":"https:\/\/fmvb.ro\/en\/student-associations\/","title":{"rendered":"Student associations"},"content":{"rendered":"\t\t<div data-elementor-type=\"wp-page\" data-elementor-id=\"996584\" class=\"elementor elementor-996584 elementor-993446\" data-elementor-post-type=\"page\">\n\t\t\t\t\t\t<section class=\"elementor-section elementor-top-section elementor-element elementor-element-2f4da090 elementor-section-height-min-height elementor-section-boxed elementor-section-height-default elementor-section-items-middle\" data-id=\"2f4da090\" data-element_type=\"section\" data-e-type=\"section\" data-settings=\"{&quot;background_background&quot;:&quot;classic&quot;,&quot;animation&quot;:&quot;none&quot;}\">\n\t\t\t\t\t\t<div class=\"elementor-container elementor-column-gap-default\">\n\t\t\t\t\t<div class=\"elementor-column elementor-col-100 elementor-top-column elementor-element elementor-element-13fb198a\" data-id=\"13fb198a\" data-element_type=\"column\" data-e-type=\"column\">\n\t\t\t<div class=\"elementor-widget-wrap\">\n\t\t\t\t\t\t\t<\/div>\n\t\t<\/div>\n\t\t\t\t\t<\/div>\n\t\t<\/section>\n\t\t\t\t<section class=\"elementor-section elementor-top-section elementor-element elementor-element-329efe52 elementor-section-boxed elementor-section-height-default elementor-section-height-default\" data-id=\"329efe52\" data-element_type=\"section\" data-e-type=\"section\" data-settings=\"{&quot;animation&quot;:&quot;none&quot;,&quot;animation_tablet&quot;:&quot;none&quot;,&quot;animation_mobile&quot;:&quot;none&quot;}\">\n\t\t\t\t\t\t<div class=\"elementor-container elementor-column-gap-no\">\n\t\t\t\t\t<div class=\"elementor-column elementor-col-50 elementor-top-column elementor-element elementor-element-4b6f497c animated-fast elementor-invisible\" data-id=\"4b6f497c\" data-element_type=\"column\" data-e-type=\"column\" data-settings=\"{&quot;background_background&quot;:&quot;classic&quot;,&quot;animation&quot;:&quot;fadeIn&quot;,&quot;animation_delay&quot;:100}\">\n\t\t\t<div class=\"elementor-widget-wrap elementor-element-populated\">\n\t\t\t\t\t\t<div class=\"elementor-element elementor-element-5f6e1174 elementor-widget__width-auto elementor-widget-tablet__width-auto elementor-widget-mobile__width-inherit elementor-widget elementor-widget-heading\" data-id=\"5f6e1174\" data-element_type=\"widget\" data-e-type=\"widget\" data-settings=\"{&quot;_animation&quot;:&quot;none&quot;,&quot;_animation_delay&quot;:200}\" data-widget_type=\"heading.heading_charityfy\">\n\t\t\t\t<div class=\"elementor-widget-container\">\n\t\t\t\t\t<h1 class=\"elementor-heading-title elementor-size-default\">Student associations<\/h1>\t\t\t\t<\/div>\n\t\t\t\t<\/div>\n\t\t\t\t\t<\/div>\n\t\t<\/div>\n\t\t\t\t<div class=\"elementor-column elementor-col-50 elementor-top-column elementor-element elementor-element-6bac48db elementor-hidden-desktop elementor-hidden-tablet elementor-hidden-phone\" data-id=\"6bac48db\" data-element_type=\"column\" data-e-type=\"column\">\n\t\t\t<div class=\"elementor-widget-wrap\">\n\t\t\t\t\t\t\t<\/div>\n\t\t<\/div>\n\t\t\t\t\t<\/div>\n\t\t<\/section>\n\t\t\t\t<section class=\"elementor-section elementor-top-section elementor-element elementor-element-6962c1af elementor-section-content-middle elementor-section-boxed elementor-section-height-default elementor-section-height-default\" data-id=\"6962c1af\" data-element_type=\"section\" data-e-type=\"section\">\n\t\t\t\t\t\t<div class=\"elementor-container elementor-column-gap-no\">\n\t\t\t\t\t<div class=\"elementor-column elementor-col-50 elementor-top-column elementor-element elementor-element-426d8a63 animated-slow\" data-id=\"426d8a63\" data-element_type=\"column\" data-e-type=\"column\" data-settings=\"{&quot;background_background&quot;:&quot;classic&quot;,&quot;background_motion_fx_motion_fx_scrolling&quot;:&quot;yes&quot;,&quot;background_motion_fx_scale_effect&quot;:&quot;yes&quot;,&quot;background_motion_fx_scale_speed&quot;:{&quot;unit&quot;:&quot;px&quot;,&quot;size&quot;:2,&quot;sizes&quot;:[]},&quot;background_motion_fx_devices&quot;:[&quot;desktop&quot;],&quot;background_motion_fx_scale_range&quot;:{&quot;unit&quot;:&quot;%&quot;,&quot;size&quot;:&quot;&quot;,&quot;sizes&quot;:{&quot;start&quot;:0,&quot;end&quot;:100}},&quot;animation&quot;:&quot;none&quot;,&quot;background_motion_fx_scale_direction&quot;:&quot;out-in&quot;}\">\n\t\t\t<div class=\"elementor-widget-wrap elementor-element-populated\">\n\t\t\t\t\t\t<div class=\"elementor-element elementor-element-23caabda elementor-widget elementor-widget-spacer\" data-id=\"23caabda\" data-element_type=\"widget\" data-e-type=\"widget\" data-widget_type=\"spacer.default\">\n\t\t\t\t<div class=\"elementor-widget-container\">\n\t\t\t\t\t\t\t<div class=\"elementor-spacer\">\n\t\t\t<div class=\"elementor-spacer-inner\"><\/div>\n\t\t<\/div>\n\t\t\t\t\t\t<\/div>\n\t\t\t\t<\/div>\n\t\t\t\t\t<\/div>\n\t\t<\/div>\n\t\t\t\t<div class=\"elementor-column elementor-col-50 elementor-top-column elementor-element elementor-element-5685f228\" data-id=\"5685f228\" data-element_type=\"column\" data-e-type=\"column\">\n\t\t\t<div class=\"elementor-widget-wrap elementor-element-populated\">\n\t\t\t\t\t\t<div class=\"elementor-element elementor-element-5d5db36 elementor-widget elementor-widget-heading\" data-id=\"5d5db36\" data-element_type=\"widget\" data-e-type=\"widget\" data-settings=\"{&quot;_animation&quot;:&quot;none&quot;,&quot;_animation_tablet&quot;:&quot;none&quot;,&quot;_animation_delay&quot;:100}\" data-widget_type=\"heading.default\">\n\t\t\t\t<div class=\"elementor-widget-container\">\n\t\t\t\t\t<h2 class=\"elementor-heading-title elementor-size-default\">IVSA Bucharest<\/h2>\t\t\t\t<\/div>\n\t\t\t\t<\/div>\n\t\t\t\t<div class=\"elementor-element elementor-element-70af9ce6 vamtam-has-underline-anim elementor-widget elementor-widget-button\" data-id=\"70af9ce6\" data-element_type=\"widget\" data-e-type=\"widget\" data-settings=\"{&quot;_animation&quot;:&quot;none&quot;,&quot;_animation_tablet&quot;:&quot;none&quot;,&quot;_animation_delay&quot;:200}\" data-widget_type=\"button.default\">\n\t\t\t\t<div class=\"elementor-widget-container\">\n\t\t\t\t\t\t\t\t\t<div class=\"elementor-button-wrapper\">\n\t\t\t\t\t<a class=\"elementor-button elementor-button-link elementor-size-sm\" href=\"https:\/\/www.facebook.com\/ivsabucharest\/\">\n\t\t\t\t\t\t<span class=\"elementor-button-content-wrapper\">\n\t\t\t\t\t\t\t\t\t<span class=\"elementor-button-text\">Afla mai multe<\/span>\n\t\t\t\t\t<\/span>\n\t\t\t\t\t<\/a>\n\t\t\t\t<\/div>\n\t\t\t\t\t\t\t\t<\/div>\n\t\t\t\t<\/div>\n\t\t\t\t\t<\/div>\n\t\t<\/div>\n\t\t\t\t\t<\/div>\n\t\t<\/section>\n\t\t\t\t<section class=\"elementor-section elementor-top-section elementor-element elementor-element-2f79d8b8 elementor-section-content-middle elementor-section-boxed elementor-section-height-default elementor-section-height-default\" data-id=\"2f79d8b8\" data-element_type=\"section\" data-e-type=\"section\">\n\t\t\t\t\t\t<div class=\"elementor-container elementor-column-gap-no\">\n\t\t\t\t\t<div class=\"elementor-column elementor-col-50 elementor-top-column elementor-element elementor-element-40a60322\" data-id=\"40a60322\" data-element_type=\"column\" data-e-type=\"column\">\n\t\t\t<div class=\"elementor-widget-wrap elementor-element-populated\">\n\t\t\t\t\t\t<div class=\"elementor-element elementor-element-7c0d69d9 elementor-widget elementor-widget-heading\" data-id=\"7c0d69d9\" data-element_type=\"widget\" data-e-type=\"widget\" data-settings=\"{&quot;_animation&quot;:&quot;none&quot;,&quot;_animation_tablet&quot;:&quot;none&quot;,&quot;_animation_delay&quot;:100}\" data-widget_type=\"heading.default\">\n\t\t\t\t<div class=\"elementor-widget-container\">\n\t\t\t\t\t<h2 class=\"elementor-heading-title elementor-size-default\">Asocia\u021bia Studen\u021bilor \u00een Medicin\u0103 Veterinar\u0103 Bucure\u0219ti<\/h2>\t\t\t\t<\/div>\n\t\t\t\t<\/div>\n\t\t\t\t<div class=\"elementor-element elementor-element-241b54df vamtam-has-underline-anim elementor-widget elementor-widget-button\" data-id=\"241b54df\" data-element_type=\"widget\" data-e-type=\"widget\" data-settings=\"{&quot;_animation&quot;:&quot;none&quot;,&quot;_animation_tablet&quot;:&quot;none&quot;,&quot;_animation_delay&quot;:200}\" data-widget_type=\"button.default\">\n\t\t\t\t<div class=\"elementor-widget-container\">\n\t\t\t\t\t\t\t\t\t<div class=\"elementor-button-wrapper\">\n\t\t\t\t\t<a class=\"elementor-button elementor-button-link elementor-size-sm\" href=\"https:\/\/www.facebook.com\/asmvbucuresti\">\n\t\t\t\t\t\t<span class=\"elementor-button-content-wrapper\">\n\t\t\t\t\t\t\t\t\t<span class=\"elementor-button-text\">Afla mai multe<\/span>\n\t\t\t\t\t<\/span>\n\t\t\t\t\t<\/a>\n\t\t\t\t<\/div>\n\t\t\t\t\t\t\t\t<\/div>\n\t\t\t\t<\/div>\n\t\t\t\t\t<\/div>\n\t\t<\/div>\n\t\t\t\t<div class=\"elementor-column elementor-col-50 elementor-top-column elementor-element elementor-element-1e3a3f4f animated-slow\" data-id=\"1e3a3f4f\" data-element_type=\"column\" data-e-type=\"column\" data-settings=\"{&quot;background_background&quot;:&quot;classic&quot;,&quot;background_motion_fx_motion_fx_scrolling&quot;:&quot;yes&quot;,&quot;background_motion_fx_scale_effect&quot;:&quot;yes&quot;,&quot;background_motion_fx_scale_speed&quot;:{&quot;unit&quot;:&quot;px&quot;,&quot;size&quot;:2,&quot;sizes&quot;:[]},&quot;background_motion_fx_devices&quot;:[&quot;desktop&quot;],&quot;background_motion_fx_scale_range&quot;:{&quot;unit&quot;:&quot;%&quot;,&quot;size&quot;:&quot;&quot;,&quot;sizes&quot;:{&quot;start&quot;:0,&quot;end&quot;:100}},&quot;animation&quot;:&quot;none&quot;,&quot;background_motion_fx_scale_direction&quot;:&quot;out-in&quot;}\">\n\t\t\t<div class=\"elementor-widget-wrap elementor-element-populated\">\n\t\t\t\t\t\t<div class=\"elementor-element elementor-element-385ea868 elementor-widget elementor-widget-spacer\" data-id=\"385ea868\" data-element_type=\"widget\" data-e-type=\"widget\" data-widget_type=\"spacer.default\">\n\t\t\t\t<div class=\"elementor-widget-container\">\n\t\t\t\t\t\t\t<div class=\"elementor-spacer\">\n\t\t\t<div class=\"elementor-spacer-inner\"><\/div>\n\t\t<\/div>\n\t\t\t\t\t\t<\/div>\n\t\t\t\t<\/div>\n\t\t\t\t\t<\/div>\n\t\t<\/div>\n\t\t\t\t\t<\/div>\n\t\t<\/section>\n\t\t\t\t<\/div>\n\t\t","protected":false},"excerpt":{"rendered":"<p>Student associations IVSA Bucharest Afla mai multe Asocia\u021bia Studen\u021bilor \u00een Medicin\u0103 Veterinar\u0103 Bucure\u0219ti Afla mai multe<\/p>\n","protected":false},"author":8,"featured_media":0,"parent":0,"menu_order":0,"comment_status":"closed","ping_status":"closed","template":"","meta":{"inline_featured_image":false,"footnotes":""},"class_list":["post-996584","page","type-page","status-publish","hentry"],"yoast_head":"<!-- This site is optimized with the Yoast SEO plugin v27.4 - https:\/\/yoast.com\/product\/yoast-seo-wordpress\/ -->\n<title>Student associations - Facultatea de Medicin\u0103 Veterinar\u0103 | USAMV Bucure\u015fti<\/title>\n<meta name=\"robots\" content=\"index, follow, max-snippet:-1, max-image-preview:large, max-video-preview:-1\" \/>\n<link rel=\"canonical\" href=\"https:\/\/fmvb.ro\/en\/student-associations\/\" \/>\n<meta property=\"og:locale\" content=\"en_US\" \/>\n<meta property=\"og:type\" content=\"article\" \/>\n<meta property=\"og:title\" content=\"Student associations - Facultatea de Medicin\u0103 Veterinar\u0103 | USAMV Bucure\u015fti\" \/>\n<meta property=\"og:description\" content=\"Student associations IVSA Bucharest Afla mai multe Asocia\u021bia Studen\u021bilor \u00een Medicin\u0103 Veterinar\u0103 Bucure\u0219ti Afla mai multe\" \/>\n<meta property=\"og:url\" content=\"https:\/\/fmvb.ro\/en\/student-associations\/\" \/>\n<meta property=\"og:site_name\" content=\"Facultatea de Medicin\u0103 Veterinar\u0103 | USAMV Bucure\u015fti\" \/>\n<meta property=\"article:publisher\" content=\"https:\/\/www.facebook.com\/profile.php?id=100083306763586\" \/>\n<meta property=\"article:modified_time\" content=\"2023-05-15T11:00:56+00:00\" \/>\n<meta name=\"twitter:card\" content=\"summary_large_image\" \/>\n<script type=\"application\/ld+json\" class=\"yoast-schema-graph\">{\"@context\":\"https:\\\/\\\/schema.org\",\"@graph\":[{\"@type\":\"WebPage\",\"@id\":\"https:\\\/\\\/fmvb.ro\\\/en\\\/student-associations\\\/\",\"url\":\"https:\\\/\\\/fmvb.ro\\\/en\\\/student-associations\\\/\",\"name\":\"Student associations - Facultatea de Medicin\u0103 Veterinar\u0103 | USAMV Bucure\u015fti\",\"isPartOf\":{\"@id\":\"https:\\\/\\\/fmvb.ro\\\/#website\"},\"datePublished\":\"2023-02-22T18:22:43+00:00\",\"dateModified\":\"2023-05-15T11:00:56+00:00\",\"breadcrumb\":{\"@id\":\"https:\\\/\\\/fmvb.ro\\\/en\\\/student-associations\\\/#breadcrumb\"},\"inLanguage\":\"en-US\",\"potentialAction\":[{\"@type\":\"ReadAction\",\"target\":[\"https:\\\/\\\/fmvb.ro\\\/en\\\/student-associations\\\/\"]}]},{\"@type\":\"BreadcrumbList\",\"@id\":\"https:\\\/\\\/fmvb.ro\\\/en\\\/student-associations\\\/#breadcrumb\",\"itemListElement\":[{\"@type\":\"ListItem\",\"position\":1,\"name\":\"Prima pagin\u0103\",\"item\":\"https:\\\/\\\/fmvb.ro\\\/en\\\/\"},{\"@type\":\"ListItem\",\"position\":2,\"name\":\"Student associations\"}]},{\"@type\":\"WebSite\",\"@id\":\"https:\\\/\\\/fmvb.ro\\\/#website\",\"url\":\"https:\\\/\\\/fmvb.ro\\\/\",\"name\":\"Facultatea de Medicin\u0103 Veterinar\u0103 | USAMV Bucure\u015fti\",\"description\":\"\",\"publisher\":{\"@id\":\"https:\\\/\\\/fmvb.ro\\\/#organization\"},\"potentialAction\":[{\"@type\":\"SearchAction\",\"target\":{\"@type\":\"EntryPoint\",\"urlTemplate\":\"https:\\\/\\\/fmvb.ro\\\/?s={search_term_string}\"},\"query-input\":{\"@type\":\"PropertyValueSpecification\",\"valueRequired\":true,\"valueName\":\"search_term_string\"}}],\"inLanguage\":\"en-US\"},{\"@type\":\"Organization\",\"@id\":\"https:\\\/\\\/fmvb.ro\\\/#organization\",\"name\":\"Facultatea de Medicin\u0103 Veterinar\u0103 | USAMV Bucure\u015fti\",\"url\":\"https:\\\/\\\/fmvb.ro\\\/\",\"logo\":{\"@type\":\"ImageObject\",\"inLanguage\":\"en-US\",\"@id\":\"https:\\\/\\\/fmvb.ro\\\/#\\\/schema\\\/logo\\\/image\\\/\",\"url\":\"https:\\\/\\\/fmvb.ro\\\/wp-content\\\/uploads\\\/2022\\\/09\\\/logo-MV-corect.svg\",\"contentUrl\":\"https:\\\/\\\/fmvb.ro\\\/wp-content\\\/uploads\\\/2022\\\/09\\\/logo-MV-corect.svg\",\"caption\":\"Facultatea de Medicin\u0103 Veterinar\u0103 | USAMV Bucure\u015fti\"},\"image\":{\"@id\":\"https:\\\/\\\/fmvb.ro\\\/#\\\/schema\\\/logo\\\/image\\\/\"},\"sameAs\":[\"https:\\\/\\\/www.facebook.com\\\/profile.php?id=100083306763586\",\"https:\\\/\\\/www.instagram.com\\\/usamv_buc\\\/\",\"https:\\\/\\\/www.tiktok.com\\\/@usamvbucuresti\",\"https:\\\/\\\/www.linkedin.com\\\/school\\\/universitatea-de-tiine-agronomice-i-medicin-veterinar-din-bucureti\\\/\"]}]}<\/script>\n<!-- \/ Yoast SEO plugin. -->","yoast_head_json":{"title":"Student associations - Facultatea de Medicin\u0103 Veterinar\u0103 | USAMV Bucure\u015fti","robots":{"index":"index","follow":"follow","max-snippet":"max-snippet:-1","max-image-preview":"max-image-preview:large","max-video-preview":"max-video-preview:-1"},"canonical":"https:\/\/fmvb.ro\/en\/student-associations\/","og_locale":"en_US","og_type":"article","og_title":"Student associations - Facultatea de Medicin\u0103 Veterinar\u0103 | USAMV Bucure\u015fti","og_description":"Student associations IVSA Bucharest Afla mai multe Asocia\u021bia Studen\u021bilor \u00een Medicin\u0103 Veterinar\u0103 Bucure\u0219ti Afla mai multe","og_url":"https:\/\/fmvb.ro\/en\/student-associations\/","og_site_name":"Facultatea de Medicin\u0103 Veterinar\u0103 | USAMV Bucure\u015fti","article_publisher":"https:\/\/www.facebook.com\/profile.php?id=100083306763586","article_modified_time":"2023-05-15T11:00:56+00:00","twitter_card":"summary_large_image","schema":{"@context":"https:\/\/schema.org","@graph":[{"@type":"WebPage","@id":"https:\/\/fmvb.ro\/en\/student-associations\/","url":"https:\/\/fmvb.ro\/en\/student-associations\/","name":"Student associations - Facultatea de Medicin\u0103 Veterinar\u0103 | USAMV Bucure\u015fti","isPartOf":{"@id":"https:\/\/fmvb.ro\/#website"},"datePublished":"2023-02-22T18:22:43+00:00","dateModified":"2023-05-15T11:00:56+00:00","breadcrumb":{"@id":"https:\/\/fmvb.ro\/en\/student-associations\/#breadcrumb"},"inLanguage":"en-US","potentialAction":[{"@type":"ReadAction","target":["https:\/\/fmvb.ro\/en\/student-associations\/"]}]},{"@type":"BreadcrumbList","@id":"https:\/\/fmvb.ro\/en\/student-associations\/#breadcrumb","itemListElement":[{"@type":"ListItem","position":1,"name":"Prima pagin\u0103","item":"https:\/\/fmvb.ro\/en\/"},{"@type":"ListItem","position":2,"name":"Student associations"}]},{"@type":"WebSite","@id":"https:\/\/fmvb.ro\/#website","url":"https:\/\/fmvb.ro\/","name":"Facultatea de Medicin\u0103 Veterinar\u0103 | USAMV Bucure\u015fti","description":"","publisher":{"@id":"https:\/\/fmvb.ro\/#organization"},"potentialAction":[{"@type":"SearchAction","target":{"@type":"EntryPoint","urlTemplate":"https:\/\/fmvb.ro\/?s={search_term_string}"},"query-input":{"@type":"PropertyValueSpecification","valueRequired":true,"valueName":"search_term_string"}}],"inLanguage":"en-US"},{"@type":"Organization","@id":"https:\/\/fmvb.ro\/#organization","name":"Facultatea de Medicin\u0103 Veterinar\u0103 | USAMV Bucure\u015fti","url":"https:\/\/fmvb.ro\/","logo":{"@type":"ImageObject","inLanguage":"en-US","@id":"https:\/\/fmvb.ro\/#\/schema\/logo\/image\/","url":"https:\/\/fmvb.ro\/wp-content\/uploads\/2022\/09\/logo-MV-corect.svg","contentUrl":"https:\/\/fmvb.ro\/wp-content\/uploads\/2022\/09\/logo-MV-corect.svg","caption":"Facultatea de Medicin\u0103 Veterinar\u0103 | USAMV Bucure\u015fti"},"image":{"@id":"https:\/\/fmvb.ro\/#\/schema\/logo\/image\/"},"sameAs":["https:\/\/www.facebook.com\/profile.php?id=100083306763586","https:\/\/www.instagram.com\/usamv_buc\/","https:\/\/www.tiktok.com\/@usamvbucuresti","https:\/\/www.linkedin.com\/school\/universitatea-de-tiine-agronomice-i-medicin-veterinar-din-bucureti\/"]}]}},"_links":{"self":[{"href":"https:\/\/fmvb.ro\/en\/wp-json\/wp\/v2\/pages\/996584","targetHints":{"allow":["GET"]}}],"collection":[{"href":"https:\/\/fmvb.ro\/en\/wp-json\/wp\/v2\/pages"}],"about":[{"href":"https:\/\/fmvb.ro\/en\/wp-json\/wp\/v2\/types\/page"}],"author":[{"embeddable":true,"href":"https:\/\/fmvb.ro\/en\/wp-json\/wp\/v2\/users\/8"}],"replies":[{"embeddable":true,"href":"https:\/\/fmvb.ro\/en\/wp-json\/wp\/v2\/comments?post=996584"}],"version-history":[{"count":0,"href":"https:\/\/fmvb.ro\/en\/wp-json\/wp\/v2\/pages\/996584\/revisions"}],"wp:attachment":[{"href":"https:\/\/fmvb.ro\/en\/wp-json\/wp\/v2\/media?parent=996584"}],"curies":[{"name":"wp","href":"https:\/\/api.w.org\/{rel}","templated":true}]}}