{"id":999369,"date":"2024-04-24T13:23:19","date_gmt":"2024-04-24T10:23:19","guid":{"rendered":"https:\/\/fmvb.ro\/?page_id=999369"},"modified":"2025-11-26T13:43:42","modified_gmt":"2025-11-26T11:43:42","slug":"completion-of-studies","status":"publish","type":"page","link":"https:\/\/fmvb.ro\/en\/completion-of-studies\/","title":{"rendered":"Completion of Studies"},"content":{"rendered":"\t\t<div data-elementor-type=\"wp-page\" data-elementor-id=\"999369\" class=\"elementor elementor-999369\" data-elementor-post-type=\"page\">\n\t\t\t\t\t\t<section class=\"elementor-section elementor-top-section elementor-element elementor-element-48d2c30 elementor-section-boxed elementor-section-height-default elementor-section-height-default\" data-id=\"48d2c30\" data-element_type=\"section\" data-e-type=\"section\" data-settings=\"{&quot;animation&quot;:&quot;none&quot;,&quot;animation_tablet&quot;:&quot;none&quot;,&quot;animation_delay&quot;:200}\">\n\t\t\t\t\t\t<div class=\"elementor-container elementor-column-gap-no\">\n\t\t\t\t\t<div class=\"elementor-column elementor-col-100 elementor-top-column elementor-element elementor-element-7812478\" data-id=\"7812478\" data-element_type=\"column\" data-e-type=\"column\">\n\t\t\t<div class=\"elementor-widget-wrap\">\n\t\t\t\t\t\t\t<\/div>\n\t\t<\/div>\n\t\t\t\t\t<\/div>\n\t\t<\/section>\n\t\t\t\t<section class=\"elementor-section elementor-top-section elementor-element elementor-element-6dd5797 elementor-section-boxed elementor-section-height-default elementor-section-height-default\" data-id=\"6dd5797\" data-element_type=\"section\" data-e-type=\"section\" data-settings=\"{&quot;animation&quot;:&quot;none&quot;,&quot;animation_tablet&quot;:&quot;none&quot;,&quot;animation_mobile&quot;:&quot;none&quot;,&quot;animation_delay&quot;:300}\">\n\t\t\t\t\t\t<div class=\"elementor-container elementor-column-gap-no\">\n\t\t\t\t\t<div class=\"elementor-column elementor-col-100 elementor-top-column elementor-element elementor-element-75dd244\" data-id=\"75dd244\" data-element_type=\"column\" data-e-type=\"column\">\n\t\t\t<div class=\"elementor-widget-wrap\">\n\t\t\t\t\t\t\t<\/div>\n\t\t<\/div>\n\t\t\t\t\t<\/div>\n\t\t<\/section>\n\t\t\t\t<section class=\"elementor-section elementor-top-section elementor-element elementor-element-30e0969 elementor-section-boxed elementor-section-height-default elementor-section-height-default\" data-id=\"30e0969\" data-element_type=\"section\" data-e-type=\"section\">\n\t\t\t\t\t\t<div class=\"elementor-container elementor-column-gap-default\">\n\t\t\t\t\t<div class=\"elementor-column elementor-col-100 elementor-top-column elementor-element elementor-element-c8c35e9\" data-id=\"c8c35e9\" data-element_type=\"column\" data-e-type=\"column\" data-settings=\"{&quot;animation&quot;:&quot;none&quot;,&quot;animation_tablet&quot;:&quot;none&quot;,&quot;animation_mobile&quot;:&quot;none&quot;,&quot;animation_delay&quot;:300}\">\n\t\t\t<div class=\"elementor-widget-wrap elementor-element-populated\">\n\t\t\t\t\t\t<div class=\"elementor-element elementor-element-331a7a9 elementor-widget elementor-widget-heading\" data-id=\"331a7a9\" data-element_type=\"widget\" data-e-type=\"widget\" id=\"Forms and GDPR\" data-widget_type=\"heading.default\">\n\t\t\t\t<div class=\"elementor-widget-container\">\n\t\t\t\t\t<h4 class=\"elementor-heading-title elementor-size-default\">Forms   and GDPR<\/h4>\t\t\t\t<\/div>\n\t\t\t\t<\/div>\n\t\t\t\t<div class=\"elementor-element elementor-element-5568bf5 elementor-widget elementor-widget-text-editor\" data-id=\"5568bf5\" data-element_type=\"widget\" data-e-type=\"widget\" data-widget_type=\"text-editor.default\">\n\t\t\t\t<div class=\"elementor-widget-container\">\n\t\t\t\t\t\t\t\t\t<ul><li><a href=\"https:\/\/fmvb.ro\/wp-content\/uploads\/2025\/11\/Guide-for-preparing-and-writing-your-dissertation-Copy-1.pdf\"><strong>Reccomendations for writting your disseration<\/strong><\/a><\/li><li><a href=\"https:\/\/fmvb.ro\/wp-content\/uploads\/2025\/11\/ANNEX-2_Request_Disertation-Thesis-2025-1.pdf\"><strong>Request for dissertation thesis elaboration<\/strong><\/a><\/li><li><strong><a href=\"https:\/\/fmvb.ro\/wp-content\/uploads\/2025\/06\/Regulament-finalizare-studii-FMVB-2024-2025.pdf\">Studies graduation regulations<\/a><\/strong><\/li><li><strong>Affidavit 2025<\/strong><\/li><li><a href=\"https:\/\/fmvb.ro\/wp-content\/uploads\/2024\/05\/Honesty-Declaration_2024.docx\"><strong>Honesty<\/strong> <strong>Declaration_2025 UE Citizens<\/strong><\/a><\/li><li><a href=\"https:\/\/fmvb.ro\/wp-content\/uploads\/2025\/11\/ANNEX-2_Request_Disertation-Thesis-2025.pdf\"><strong>Request_Application for Bachelor Exam_2026<\/strong><\/a><\/li><li><strong><a href=\"https:\/\/fmvb.ro\/wp-content\/uploads\/2024\/06\/GDPR-in-english_2024.docx\">GDPR in english_2025<\/a><\/strong><\/li><li><a href=\"https:\/\/fmvb.ro\/wp-content\/uploads\/2025\/11\/Antiplagiat-en2026.pdf\"><strong>Plagiarism check methodology 2026<\/strong><\/a><\/li><li><strong><a href=\"https:\/\/fmvb.ro\/wp-content\/uploads\/2024\/06\/resolution-ENG.pdf\" target=\"_blank\" rel=\"noopener\">Resolution similarity report<\/a><\/strong><\/li><\/ul>\t\t\t\t\t\t\t\t<\/div>\n\t\t\t\t<\/div>\n\t\t\t\t\t<\/div>\n\t\t<\/div>\n\t\t\t\t\t<\/div>\n\t\t<\/section>\n\t\t\t\t<section class=\"elementor-section elementor-top-section elementor-element elementor-element-706a975 elementor-section-boxed elementor-section-height-default elementor-section-height-default\" data-id=\"706a975\" data-element_type=\"section\" data-e-type=\"section\" data-settings=\"{&quot;animation&quot;:&quot;none&quot;,&quot;animation_tablet&quot;:&quot;none&quot;,&quot;animation_delay&quot;:200}\">\n\t\t\t\t\t\t<div class=\"elementor-container elementor-column-gap-no\">\n\t\t\t\t\t<div class=\"elementor-column elementor-col-100 elementor-top-column elementor-element elementor-element-1766c07\" data-id=\"1766c07\" data-element_type=\"column\" data-e-type=\"column\">\n\t\t\t<div class=\"elementor-widget-wrap elementor-element-populated\">\n\t\t\t\t\t\t<div class=\"elementor-element elementor-element-59369a7 elementor-widget elementor-widget-text-editor\" data-id=\"59369a7\" data-element_type=\"widget\" data-e-type=\"widget\" data-widget_type=\"text-editor.default\">\n\t\t\t\t<div class=\"elementor-widget-container\">\n\t\t\t\t\t\t\t\t\t<h3>Thematics and Bibliography: 2026<\/h3>\t\t\t\t\t\t\t\t<\/div>\n\t\t\t\t<\/div>\n\t\t\t\t<div class=\"elementor-element elementor-element-7e1f546 elementor-widget elementor-widget-text-editor\" data-id=\"7e1f546\" data-element_type=\"widget\" data-e-type=\"widget\" data-widget_type=\"text-editor.default\">\n\t\t\t\t<div class=\"elementor-widget-container\">\n\t\t\t\t\t\t\t\t\t<h3>Veterinary Medicine: Exam 1a \u2013 WRITTEN: 2026<\/h3>\t\t\t\t\t\t\t\t<\/div>\n\t\t\t\t<\/div>\n\t\t\t\t<div class=\"elementor-element elementor-element-99b0457 vamtam-theme-table-styles elementor-widget elementor-widget-text-editor\" data-id=\"99b0457\" data-element_type=\"widget\" data-e-type=\"widget\" data-widget_type=\"text-editor.default\">\n\t\t\t\t<div class=\"elementor-widget-container\">\n\t\t\t\t\t\t\t\t\t<table><tbody><tr><th><b>Discipline<\/b><\/th><th class=\"views\"><b>Course responsible teacher<\/b><\/th><\/tr><tr class=\"even\"><td><a href=\"https:\/\/fmvb.ro\/wp-content\/uploads\/2025\/11\/Farmacologie_licentaMVen_300-intrebari-publice-2025-pt-2026.pdf\">Pharmacology<\/a><\/td><td>Karina Alina Dr\u0103ghici, DVM, PhD<\/td><\/tr><tr class=\"even\"><td><a href=\"https:\/\/fmvb.ro\/wp-content\/uploads\/2025\/11\/PHYSIOPATHOLOGY-LICENTA-2026.pdf\">Physiopathology<\/a><\/td><td><p>Associate Prof. Marian Ghi\u021b\u0103, DVM, PhD<\/p><\/td><\/tr><tr class=\"even\"><td><a href=\"https:\/\/fmvb.ro\/wp-content\/uploads\/2025\/11\/licenta-26-Pathology-MVEng-300-publice-2.pdf\">Pathology<\/a><\/td><td><p>Associate Prof. Teodoru Soare, DVM, PhD<\/p><\/td><\/tr><\/tbody><\/table>\t\t\t\t\t\t\t\t<\/div>\n\t\t\t\t<\/div>\n\t\t\t\t\t<\/div>\n\t\t<\/div>\n\t\t\t\t\t<\/div>\n\t\t<\/section>\n\t\t\t\t<section class=\"elementor-section elementor-top-section elementor-element elementor-element-843b4c9 elementor-section-boxed elementor-section-height-default elementor-section-height-default\" data-id=\"843b4c9\" data-element_type=\"section\" data-e-type=\"section\" data-settings=\"{&quot;animation&quot;:&quot;none&quot;,&quot;animation_tablet&quot;:&quot;none&quot;,&quot;animation_delay&quot;:200}\">\n\t\t\t\t\t\t<div class=\"elementor-container elementor-column-gap-no\">\n\t\t\t\t\t<div class=\"elementor-column elementor-col-100 elementor-top-column elementor-element elementor-element-005a3fa\" data-id=\"005a3fa\" data-element_type=\"column\" data-e-type=\"column\">\n\t\t\t<div class=\"elementor-widget-wrap elementor-element-populated\">\n\t\t\t\t\t\t<div class=\"elementor-element elementor-element-b8bd347 elementor-widget elementor-widget-text-editor\" data-id=\"b8bd347\" data-element_type=\"widget\" data-e-type=\"widget\" data-widget_type=\"text-editor.default\">\n\t\t\t\t<div class=\"elementor-widget-container\">\n\t\t\t\t\t\t\t\t\t<h3>Veterinary Medicine: Exam 1b \u2013 PRACTICAL EXAM: 2025<\/h3>\t\t\t\t\t\t\t\t<\/div>\n\t\t\t\t<\/div>\n\t\t\t\t<div class=\"elementor-element elementor-element-1e20394 vamtam-theme-table-styles elementor-widget elementor-widget-text-editor\" data-id=\"1e20394\" data-element_type=\"widget\" data-e-type=\"widget\" data-widget_type=\"text-editor.default\">\n\t\t\t\t<div class=\"elementor-widget-container\">\n\t\t\t\t\t\t\t\t\t<table><tbody><tr><th><b>Discipline<\/b><\/th><th class=\"views\"><b>Course responsible teacher<\/b><\/th><\/tr><tr class=\"odd\"><td><a href=\"https:\/\/fmvb.ro\/wp-content\/uploads\/2025\/11\/Reproductive-disorders-and-clinical-lectures-on-species-disertatie-2026.pdf\">Reproductive disorders and clinical lectures on species<\/a><\/td><td>Lecturer Dorin \u021aogoe, DVM, PhD\u00a0<\/td><\/tr><tr class=\"even\"><td><a href=\"https:\/\/fmvb.ro\/wp-content\/uploads\/2025\/11\/5.INFECTIOUS-DISEASES-VM-En-Final-exam2026.pdf\">Infectious diseases, preventive medicine and clinical lectures on species<\/a><\/td><td>Professor Stelian B\u0103r\u0103itareanu, DVM, PhD<\/td><\/tr><tr class=\"odd\"><td><a href=\"https:\/\/fmvb.ro\/wp-content\/uploads\/2025\/11\/tematica-licenta-medicala-ENG.2026-fernoaga-predare-engleza.pdf\">Internal medicine and clinical lectures on species<\/a><\/td><td>Proffesor Mario-Darius CODREANU DVM, PhD<\/td><\/tr><tr class=\"even\"><td><a href=\"https:\/\/fmvb.ro\/wp-content\/uploads\/2025\/11\/Tematica-Licenta-Surgery-EN_2025.pdf\">Surgery and clinical lectures on species<\/a><\/td><td><p>Associate Professor Ionascu Iuliana, DVM, PhD<\/p><\/td><\/tr><tr class=\"odd\"><td><a href=\"https:\/\/fmvb.ro\/wp-content\/uploads\/2025\/11\/TematicaLicenta_BoliParazitare_2025-26_Engl.pdf\">Parasitology, parasitic diseases and clinical lectures on species<\/a><\/td><td>Professor Liviu Mitrea, DVM, PhD<\/td><\/tr><tr class=\"even\"><td><a href=\"https:\/\/fmvb.ro\/wp-content\/uploads\/2025\/11\/Tematica-si-bibliografie-licenta-ENGLEZA-2026-inspectie.pdf\">Inspection and control of foodstuffs of animal origin<\/a><\/td><td>Professor Mara Georgescu, DVM, PhD\u00a0<\/td><\/tr><tr class=\"odd\"><td><a href=\"https:\/\/fmvb.ro\/wp-content\/uploads\/2025\/11\/Topics-references-practical-exam_Forensic-Pathology-and-Diagnostic-Necropsy_2025.pdf\">Forensic pathology and diagnostic necropsy<\/a><\/td><td>Professor Emilia Ciobotaru-P\u00eervu, DVM, PhD<\/td><\/tr><\/tbody><\/table>\t\t\t\t\t\t\t\t<\/div>\n\t\t\t\t<\/div>\n\t\t\t\t\t<\/div>\n\t\t<\/div>\n\t\t\t\t\t<\/div>\n\t\t<\/section>\n\t\t\t\t<section class=\"elementor-section elementor-top-section elementor-element elementor-element-6461931 elementor-section-boxed elementor-section-height-default elementor-section-height-default\" data-id=\"6461931\" data-element_type=\"section\" data-e-type=\"section\" data-settings=\"{&quot;animation&quot;:&quot;none&quot;,&quot;animation_tablet&quot;:&quot;none&quot;,&quot;animation_delay&quot;:200}\">\n\t\t\t\t\t\t<div class=\"elementor-container elementor-column-gap-no\">\n\t\t\t\t\t<div class=\"elementor-column elementor-col-100 elementor-top-column elementor-element elementor-element-2d75568\" data-id=\"2d75568\" data-element_type=\"column\" data-e-type=\"column\">\n\t\t\t<div class=\"elementor-widget-wrap elementor-element-populated\">\n\t\t\t\t\t\t<div class=\"elementor-element elementor-element-f91e1b6 elementor-widget elementor-widget-text-editor\" data-id=\"f91e1b6\" data-element_type=\"widget\" data-e-type=\"widget\" data-widget_type=\"text-editor.default\">\n\t\t\t\t<div class=\"elementor-widget-container\">\n\t\t\t\t\t\t\t\t\t<h3>Exam 2 \u2013 DEFENSE OF THE DISSERTATION<\/h3>\t\t\t\t\t\t\t\t<\/div>\n\t\t\t\t<\/div>\n\t\t\t\t\t<\/div>\n\t\t<\/div>\n\t\t\t\t\t<\/div>\n\t\t<\/section>\n\t\t\t\t<\/div>\n\t\t","protected":false},"excerpt":{"rendered":"<p>Forms and GDPR Reccomendations for writting your disseration Request for dissertation thesis elaboration Studies graduation regulations Affidavit 2025 Honesty Declaration_2025 UE Citizens Request_Application for Bachelor Exam_2026 GDPR in english_2025 Plagiarism check methodology 2026 Resolution similarity report Thematics and Bibliography: 2026 Veterinary Medicine: Exam 1a \u2013 WRITTEN: 2026 Discipline Course responsible teacher Pharmacology Karina Alina Dr\u0103ghici,&#8230;<\/p>\n","protected":false},"author":9,"featured_media":0,"parent":0,"menu_order":0,"comment_status":"closed","ping_status":"closed","template":"","meta":{"inline_featured_image":false,"footnotes":""},"class_list":["post-999369","page","type-page","status-publish","hentry"],"yoast_head":"<!-- This site is optimized with the Yoast SEO plugin v27.4 - https:\/\/yoast.com\/product\/yoast-seo-wordpress\/ -->\n<title>Completion of Studies - Facultatea de Medicin\u0103 Veterinar\u0103 | USAMV Bucure\u015fti<\/title>\n<meta name=\"robots\" content=\"index, follow, max-snippet:-1, max-image-preview:large, max-video-preview:-1\" \/>\n<link rel=\"canonical\" href=\"https:\/\/fmvb.ro\/en\/completion-of-studies\/\" \/>\n<meta property=\"og:locale\" content=\"en_US\" \/>\n<meta property=\"og:type\" content=\"article\" \/>\n<meta property=\"og:title\" content=\"Completion of Studies - Facultatea de Medicin\u0103 Veterinar\u0103 | USAMV Bucure\u015fti\" \/>\n<meta property=\"og:description\" content=\"Forms and GDPR Reccomendations for writting your disseration Request for dissertation thesis elaboration Studies graduation regulations Affidavit 2025 Honesty Declaration_2025 UE Citizens Request_Application for Bachelor Exam_2026 GDPR in english_2025 Plagiarism check methodology 2026 Resolution similarity report Thematics and Bibliography: 2026 Veterinary Medicine: Exam 1a \u2013 WRITTEN: 2026 Discipline Course responsible teacher Pharmacology Karina Alina Dr\u0103ghici,...\" \/>\n<meta property=\"og:url\" content=\"https:\/\/fmvb.ro\/en\/completion-of-studies\/\" \/>\n<meta property=\"og:site_name\" content=\"Facultatea de Medicin\u0103 Veterinar\u0103 | USAMV Bucure\u015fti\" \/>\n<meta property=\"article:publisher\" content=\"https:\/\/www.facebook.com\/profile.php?id=100083306763586\" \/>\n<meta property=\"article:modified_time\" content=\"2025-11-26T11:43:42+00:00\" \/>\n<meta name=\"twitter:card\" content=\"summary_large_image\" \/>\n<meta name=\"twitter:label1\" content=\"Est. reading time\" \/>\n\t<meta name=\"twitter:data1\" content=\"1 minute\" \/>\n<script type=\"application\/ld+json\" class=\"yoast-schema-graph\">{\"@context\":\"https:\\\/\\\/schema.org\",\"@graph\":[{\"@type\":\"WebPage\",\"@id\":\"https:\\\/\\\/fmvb.ro\\\/en\\\/completion-of-studies\\\/\",\"url\":\"https:\\\/\\\/fmvb.ro\\\/en\\\/completion-of-studies\\\/\",\"name\":\"Completion of Studies - Facultatea de Medicin\u0103 Veterinar\u0103 | USAMV Bucure\u015fti\",\"isPartOf\":{\"@id\":\"https:\\\/\\\/fmvb.ro\\\/#website\"},\"datePublished\":\"2024-04-24T10:23:19+00:00\",\"dateModified\":\"2025-11-26T11:43:42+00:00\",\"breadcrumb\":{\"@id\":\"https:\\\/\\\/fmvb.ro\\\/en\\\/completion-of-studies\\\/#breadcrumb\"},\"inLanguage\":\"en-US\",\"potentialAction\":[{\"@type\":\"ReadAction\",\"target\":[\"https:\\\/\\\/fmvb.ro\\\/en\\\/completion-of-studies\\\/\"]}]},{\"@type\":\"BreadcrumbList\",\"@id\":\"https:\\\/\\\/fmvb.ro\\\/en\\\/completion-of-studies\\\/#breadcrumb\",\"itemListElement\":[{\"@type\":\"ListItem\",\"position\":1,\"name\":\"Prima pagin\u0103\",\"item\":\"https:\\\/\\\/fmvb.ro\\\/en\\\/\"},{\"@type\":\"ListItem\",\"position\":2,\"name\":\"Completion of Studies\"}]},{\"@type\":\"WebSite\",\"@id\":\"https:\\\/\\\/fmvb.ro\\\/#website\",\"url\":\"https:\\\/\\\/fmvb.ro\\\/\",\"name\":\"Facultatea de Medicin\u0103 Veterinar\u0103 | USAMV Bucure\u015fti\",\"description\":\"\",\"publisher\":{\"@id\":\"https:\\\/\\\/fmvb.ro\\\/#organization\"},\"potentialAction\":[{\"@type\":\"SearchAction\",\"target\":{\"@type\":\"EntryPoint\",\"urlTemplate\":\"https:\\\/\\\/fmvb.ro\\\/?s={search_term_string}\"},\"query-input\":{\"@type\":\"PropertyValueSpecification\",\"valueRequired\":true,\"valueName\":\"search_term_string\"}}],\"inLanguage\":\"en-US\"},{\"@type\":\"Organization\",\"@id\":\"https:\\\/\\\/fmvb.ro\\\/#organization\",\"name\":\"Facultatea de Medicin\u0103 Veterinar\u0103 | USAMV Bucure\u015fti\",\"url\":\"https:\\\/\\\/fmvb.ro\\\/\",\"logo\":{\"@type\":\"ImageObject\",\"inLanguage\":\"en-US\",\"@id\":\"https:\\\/\\\/fmvb.ro\\\/#\\\/schema\\\/logo\\\/image\\\/\",\"url\":\"https:\\\/\\\/fmvb.ro\\\/wp-content\\\/uploads\\\/2022\\\/09\\\/logo-MV-corect.svg\",\"contentUrl\":\"https:\\\/\\\/fmvb.ro\\\/wp-content\\\/uploads\\\/2022\\\/09\\\/logo-MV-corect.svg\",\"caption\":\"Facultatea de Medicin\u0103 Veterinar\u0103 | USAMV Bucure\u015fti\"},\"image\":{\"@id\":\"https:\\\/\\\/fmvb.ro\\\/#\\\/schema\\\/logo\\\/image\\\/\"},\"sameAs\":[\"https:\\\/\\\/www.facebook.com\\\/profile.php?id=100083306763586\",\"https:\\\/\\\/www.instagram.com\\\/usamv_buc\\\/\",\"https:\\\/\\\/www.tiktok.com\\\/@usamvbucuresti\",\"https:\\\/\\\/www.linkedin.com\\\/school\\\/universitatea-de-tiine-agronomice-i-medicin-veterinar-din-bucureti\\\/\"]}]}<\/script>\n<!-- \/ Yoast SEO plugin. -->","yoast_head_json":{"title":"Completion of Studies - Facultatea de Medicin\u0103 Veterinar\u0103 | USAMV Bucure\u015fti","robots":{"index":"index","follow":"follow","max-snippet":"max-snippet:-1","max-image-preview":"max-image-preview:large","max-video-preview":"max-video-preview:-1"},"canonical":"https:\/\/fmvb.ro\/en\/completion-of-studies\/","og_locale":"en_US","og_type":"article","og_title":"Completion of Studies - Facultatea de Medicin\u0103 Veterinar\u0103 | USAMV Bucure\u015fti","og_description":"Forms and GDPR Reccomendations for writting your disseration Request for dissertation thesis elaboration Studies graduation regulations Affidavit 2025 Honesty Declaration_2025 UE Citizens Request_Application for Bachelor Exam_2026 GDPR in english_2025 Plagiarism check methodology 2026 Resolution similarity report Thematics and Bibliography: 2026 Veterinary Medicine: Exam 1a \u2013 WRITTEN: 2026 Discipline Course responsible teacher Pharmacology Karina Alina Dr\u0103ghici,...","og_url":"https:\/\/fmvb.ro\/en\/completion-of-studies\/","og_site_name":"Facultatea de Medicin\u0103 Veterinar\u0103 | USAMV Bucure\u015fti","article_publisher":"https:\/\/www.facebook.com\/profile.php?id=100083306763586","article_modified_time":"2025-11-26T11:43:42+00:00","twitter_card":"summary_large_image","twitter_misc":{"Est. reading time":"1 minute"},"schema":{"@context":"https:\/\/schema.org","@graph":[{"@type":"WebPage","@id":"https:\/\/fmvb.ro\/en\/completion-of-studies\/","url":"https:\/\/fmvb.ro\/en\/completion-of-studies\/","name":"Completion of Studies - Facultatea de Medicin\u0103 Veterinar\u0103 | USAMV Bucure\u015fti","isPartOf":{"@id":"https:\/\/fmvb.ro\/#website"},"datePublished":"2024-04-24T10:23:19+00:00","dateModified":"2025-11-26T11:43:42+00:00","breadcrumb":{"@id":"https:\/\/fmvb.ro\/en\/completion-of-studies\/#breadcrumb"},"inLanguage":"en-US","potentialAction":[{"@type":"ReadAction","target":["https:\/\/fmvb.ro\/en\/completion-of-studies\/"]}]},{"@type":"BreadcrumbList","@id":"https:\/\/fmvb.ro\/en\/completion-of-studies\/#breadcrumb","itemListElement":[{"@type":"ListItem","position":1,"name":"Prima pagin\u0103","item":"https:\/\/fmvb.ro\/en\/"},{"@type":"ListItem","position":2,"name":"Completion of Studies"}]},{"@type":"WebSite","@id":"https:\/\/fmvb.ro\/#website","url":"https:\/\/fmvb.ro\/","name":"Facultatea de Medicin\u0103 Veterinar\u0103 | USAMV Bucure\u015fti","description":"","publisher":{"@id":"https:\/\/fmvb.ro\/#organization"},"potentialAction":[{"@type":"SearchAction","target":{"@type":"EntryPoint","urlTemplate":"https:\/\/fmvb.ro\/?s={search_term_string}"},"query-input":{"@type":"PropertyValueSpecification","valueRequired":true,"valueName":"search_term_string"}}],"inLanguage":"en-US"},{"@type":"Organization","@id":"https:\/\/fmvb.ro\/#organization","name":"Facultatea de Medicin\u0103 Veterinar\u0103 | USAMV Bucure\u015fti","url":"https:\/\/fmvb.ro\/","logo":{"@type":"ImageObject","inLanguage":"en-US","@id":"https:\/\/fmvb.ro\/#\/schema\/logo\/image\/","url":"https:\/\/fmvb.ro\/wp-content\/uploads\/2022\/09\/logo-MV-corect.svg","contentUrl":"https:\/\/fmvb.ro\/wp-content\/uploads\/2022\/09\/logo-MV-corect.svg","caption":"Facultatea de Medicin\u0103 Veterinar\u0103 | USAMV Bucure\u015fti"},"image":{"@id":"https:\/\/fmvb.ro\/#\/schema\/logo\/image\/"},"sameAs":["https:\/\/www.facebook.com\/profile.php?id=100083306763586","https:\/\/www.instagram.com\/usamv_buc\/","https:\/\/www.tiktok.com\/@usamvbucuresti","https:\/\/www.linkedin.com\/school\/universitatea-de-tiine-agronomice-i-medicin-veterinar-din-bucureti\/"]}]}},"_links":{"self":[{"href":"https:\/\/fmvb.ro\/en\/wp-json\/wp\/v2\/pages\/999369","targetHints":{"allow":["GET"]}}],"collection":[{"href":"https:\/\/fmvb.ro\/en\/wp-json\/wp\/v2\/pages"}],"about":[{"href":"https:\/\/fmvb.ro\/en\/wp-json\/wp\/v2\/types\/page"}],"author":[{"embeddable":true,"href":"https:\/\/fmvb.ro\/en\/wp-json\/wp\/v2\/users\/9"}],"replies":[{"embeddable":true,"href":"https:\/\/fmvb.ro\/en\/wp-json\/wp\/v2\/comments?post=999369"}],"version-history":[{"count":0,"href":"https:\/\/fmvb.ro\/en\/wp-json\/wp\/v2\/pages\/999369\/revisions"}],"wp:attachment":[{"href":"https:\/\/fmvb.ro\/en\/wp-json\/wp\/v2\/media?parent=999369"}],"curies":[{"name":"wp","href":"https:\/\/api.w.org\/{rel}","templated":true}]}}