{"id":1006139,"date":"2024-10-23T07:58:25","date_gmt":"2024-10-23T04:58:25","guid":{"rendered":"https:\/\/fmvb.ro\/finalizare-studii-medicina-veterinara-arhiva-en\/"},"modified":"2025-11-04T10:33:11","modified_gmt":"2025-11-04T08:33:11","slug":"finalizare-studii-medicina-veterina-arhiva-fr","status":"publish","type":"page","link":"https:\/\/fmvb.ro\/fr\/finalizare-studii-medicina-veterina-arhiva-fr\/","title":{"rendered":"Finalizare studii Medicin\u0103 Veterinar\u0103 &#8211; arhiva &#8211; FR"},"content":{"rendered":"\t\t<div data-elementor-type=\"wp-page\" data-elementor-id=\"1006139\" class=\"elementor elementor-1006139 elementor-1006127\" data-elementor-post-type=\"page\">\n\t\t\t\t\t\t<section class=\"elementor-section elementor-top-section elementor-element elementor-element-1cd3e0b elementor-section-height-min-height elementor-section-boxed elementor-section-height-default elementor-section-items-middle\" data-id=\"1cd3e0b\" data-element_type=\"section\" data-e-type=\"section\" data-settings=\"{&quot;background_background&quot;:&quot;classic&quot;,&quot;animation&quot;:&quot;none&quot;}\">\n\t\t\t\t\t\t<div class=\"elementor-container elementor-column-gap-default\">\n\t\t\t\t\t<div class=\"elementor-column elementor-col-100 elementor-top-column elementor-element elementor-element-bc08cca\" data-id=\"bc08cca\" data-element_type=\"column\" data-e-type=\"column\">\n\t\t\t<div class=\"elementor-widget-wrap\">\n\t\t\t\t\t\t\t<\/div>\n\t\t<\/div>\n\t\t\t\t\t<\/div>\n\t\t<\/section>\n\t\t\t\t<section class=\"elementor-section elementor-top-section elementor-element elementor-element-2ce8cef elementor-section-boxed elementor-section-height-default elementor-section-height-default\" data-id=\"2ce8cef\" data-element_type=\"section\" data-e-type=\"section\" data-settings=\"{&quot;animation&quot;:&quot;none&quot;,&quot;animation_tablet&quot;:&quot;none&quot;,&quot;animation_mobile&quot;:&quot;none&quot;}\">\n\t\t\t\t\t\t<div class=\"elementor-container elementor-column-gap-no\">\n\t\t\t\t\t<div class=\"elementor-column elementor-col-50 elementor-top-column elementor-element elementor-element-5de17f2 animated-fast elementor-invisible\" data-id=\"5de17f2\" data-element_type=\"column\" data-e-type=\"column\" data-settings=\"{&quot;background_background&quot;:&quot;classic&quot;,&quot;animation&quot;:&quot;fadeIn&quot;,&quot;animation_delay&quot;:100}\">\n\t\t\t<div class=\"elementor-widget-wrap elementor-element-populated\">\n\t\t\t\t\t\t<div class=\"elementor-element elementor-element-a19a55a elementor-widget__width-auto elementor-widget-tablet__width-auto elementor-widget-mobile__width-inherit elementor-widget elementor-widget-heading\" data-id=\"a19a55a\" data-element_type=\"widget\" data-e-type=\"widget\" data-settings=\"{&quot;_animation&quot;:&quot;none&quot;,&quot;_animation_delay&quot;:200}\" data-widget_type=\"heading.heading_charityfy\">\n\t\t\t\t<div class=\"elementor-widget-container\">\n\t\t\t\t\t<h1 class=\"elementor-heading-title elementor-size-default\">Les archives - Fin d'\u00e9tudes<\/h1>\t\t\t\t<\/div>\n\t\t\t\t<\/div>\n\t\t\t\t\t<\/div>\n\t\t<\/div>\n\t\t\t\t<div class=\"elementor-column elementor-col-50 elementor-top-column elementor-element elementor-element-3ebe31f elementor-hidden-desktop elementor-hidden-tablet elementor-hidden-phone\" data-id=\"3ebe31f\" data-element_type=\"column\" data-e-type=\"column\">\n\t\t\t<div class=\"elementor-widget-wrap\">\n\t\t\t\t\t\t\t<\/div>\n\t\t<\/div>\n\t\t\t\t\t<\/div>\n\t\t<\/section>\n\t\t\t\t<section class=\"elementor-section elementor-top-section elementor-element elementor-element-fa12e61 elementor-section-boxed elementor-section-height-default elementor-section-height-default\" data-id=\"fa12e61\" data-element_type=\"section\" data-e-type=\"section\">\n\t\t\t\t\t\t<div class=\"elementor-container elementor-column-gap-default\">\n\t\t\t\t\t<div class=\"elementor-column elementor-col-100 elementor-top-column elementor-element elementor-element-43c1f8f\" data-id=\"43c1f8f\" data-element_type=\"column\" data-e-type=\"column\">\n\t\t\t<div class=\"elementor-widget-wrap elementor-element-populated\">\n\t\t\t\t\t\t<div class=\"elementor-element elementor-element-dcab64c elementor-align-left elementor-widget elementor-widget-button\" data-id=\"dcab64c\" data-element_type=\"widget\" data-e-type=\"widget\" data-settings=\"{&quot;_animation&quot;:&quot;none&quot;,&quot;_animation_tablet&quot;:&quot;none&quot;,&quot;_animation_mobile&quot;:&quot;none&quot;,&quot;_animation_delay&quot;:200}\" data-widget_type=\"button.default\">\n\t\t\t\t<div class=\"elementor-widget-container\">\n\t\t\t\t\t\t\t\t\t<div class=\"elementor-button-wrapper\">\n\t\t\t\t\t<a class=\"elementor-button elementor-button-link elementor-size-sm\" href=\"https:\/\/fmvb.ro\/fr\/fin-detudes-sept-2025\" target=\"_blank\" id=\"page_menu\">\n\t\t\t\t\t\t<span class=\"elementor-button-content-wrapper\">\n\t\t\t\t\t\t<span class=\"elementor-button-icon\">\n\t\t\t\t<i aria-hidden=\"true\" class=\"vamtamtheme- vamtam-theme-arrow-right\"><\/i>\t\t\t<\/span>\n\t\t\t\t\t\t\t\t\t<span class=\"elementor-button-text\">Les archives  fin d\u2019\u00e9tudes - Septembre 2025 Session<\/span>\n\t\t\t\t\t<\/span>\n\t\t\t\t\t<\/a>\n\t\t\t\t<\/div>\n\t\t\t\t\t\t\t\t<\/div>\n\t\t\t\t<\/div>\n\t\t\t\t<div class=\"elementor-element elementor-element-eca737a elementor-align-left elementor-widget elementor-widget-button\" data-id=\"eca737a\" data-element_type=\"widget\" data-e-type=\"widget\" data-settings=\"{&quot;_animation&quot;:&quot;none&quot;,&quot;_animation_tablet&quot;:&quot;none&quot;,&quot;_animation_mobile&quot;:&quot;none&quot;,&quot;_animation_delay&quot;:200}\" data-widget_type=\"button.default\">\n\t\t\t\t<div class=\"elementor-widget-container\">\n\t\t\t\t\t\t\t\t\t<div class=\"elementor-button-wrapper\">\n\t\t\t\t\t<a class=\"elementor-button elementor-button-link elementor-size-sm\" href=\"https:\/\/fmvb.ro\/fr\/fin-detudes-july-2025\" target=\"_blank\" id=\"page_menu\">\n\t\t\t\t\t\t<span class=\"elementor-button-content-wrapper\">\n\t\t\t\t\t\t<span class=\"elementor-button-icon\">\n\t\t\t\t<i aria-hidden=\"true\" class=\"vamtamtheme- vamtam-theme-arrow-right\"><\/i>\t\t\t<\/span>\n\t\t\t\t\t\t\t\t\t<span class=\"elementor-button-text\">Les archives  fin d\u2019\u00e9tudes - June - July 2025 Session<\/span>\n\t\t\t\t\t<\/span>\n\t\t\t\t\t<\/a>\n\t\t\t\t<\/div>\n\t\t\t\t\t\t\t\t<\/div>\n\t\t\t\t<\/div>\n\t\t\t\t<div class=\"elementor-element elementor-element-3f9ec36 elementor-align-left elementor-widget elementor-widget-button\" data-id=\"3f9ec36\" data-element_type=\"widget\" data-e-type=\"widget\" data-settings=\"{&quot;_animation&quot;:&quot;none&quot;,&quot;_animation_tablet&quot;:&quot;none&quot;,&quot;_animation_mobile&quot;:&quot;none&quot;,&quot;_animation_delay&quot;:200}\" data-widget_type=\"button.default\">\n\t\t\t\t<div class=\"elementor-widget-container\">\n\t\t\t\t\t\t\t\t\t<div class=\"elementor-button-wrapper\">\n\t\t\t\t\t<a class=\"elementor-button elementor-button-link elementor-size-sm\" href=\"https:\/\/fmvb.ro\/fr\/fin-detudes-arhiva-june-july-2024-fr\/\" target=\"_blank\" id=\"page_menu\">\n\t\t\t\t\t\t<span class=\"elementor-button-content-wrapper\">\n\t\t\t\t\t\t<span class=\"elementor-button-icon\">\n\t\t\t\t<i aria-hidden=\"true\" class=\"vamtamtheme- vamtam-theme-arrow-right\"><\/i>\t\t\t<\/span>\n\t\t\t\t\t\t\t\t\t<span class=\"elementor-button-text\">Les archives  fin d\u2019\u00e9tudes - June - July 2024 Session<\/span>\n\t\t\t\t\t<\/span>\n\t\t\t\t\t<\/a>\n\t\t\t\t<\/div>\n\t\t\t\t\t\t\t\t<\/div>\n\t\t\t\t<\/div>\n\t\t\t\t\t<\/div>\n\t\t<\/div>\n\t\t\t\t\t<\/div>\n\t\t<\/section>\n\t\t\t\t<\/div>\n\t\t","protected":false},"excerpt":{"rendered":"<p>Les archives &#8211; Fin d&#8217;\u00e9tudes Les archives fin d\u2019\u00e9tudes &#8211; Septembre 2025 Session Les archives fin d\u2019\u00e9tudes &#8211; June &#8211; July 2025 Session Les archives fin d\u2019\u00e9tudes &#8211; June &#8211; July 2024 Session<\/p>\n","protected":false},"author":10,"featured_media":0,"parent":0,"menu_order":0,"comment_status":"closed","ping_status":"closed","template":"","meta":{"inline_featured_image":false,"footnotes":""},"class_list":["post-1006139","page","type-page","status-publish","hentry"],"yoast_head":"<!-- This site is optimized with the Yoast SEO plugin v27.4 - https:\/\/yoast.com\/product\/yoast-seo-wordpress\/ -->\n<title>Finalizare studii Medicin\u0103 Veterinar\u0103 - arhiva - FR - Facultatea de Medicin\u0103 Veterinar\u0103 | USAMV Bucure\u015fti<\/title>\n<meta name=\"robots\" content=\"index, follow, max-snippet:-1, max-image-preview:large, max-video-preview:-1\" \/>\n<link rel=\"canonical\" href=\"https:\/\/fmvb.ro\/fr\/finalizare-studii-medicina-veterina-arhiva-fr\/\" \/>\n<meta property=\"og:locale\" content=\"fr_FR\" \/>\n<meta property=\"og:type\" content=\"article\" \/>\n<meta property=\"og:title\" content=\"Finalizare studii Medicin\u0103 Veterinar\u0103 - arhiva - FR - Facultatea de Medicin\u0103 Veterinar\u0103 | USAMV Bucure\u015fti\" \/>\n<meta property=\"og:description\" content=\"Les archives &#8211; Fin d&#8217;\u00e9tudes Les archives fin d\u2019\u00e9tudes &#8211; Septembre 2025 Session Les archives fin d\u2019\u00e9tudes &#8211; June &#8211; July 2025 Session Les archives fin d\u2019\u00e9tudes &#8211; June &#8211; July 2024 Session\" \/>\n<meta property=\"og:url\" content=\"https:\/\/fmvb.ro\/fr\/finalizare-studii-medicina-veterina-arhiva-fr\/\" \/>\n<meta property=\"og:site_name\" content=\"Facultatea de Medicin\u0103 Veterinar\u0103 | USAMV Bucure\u015fti\" \/>\n<meta property=\"article:publisher\" content=\"https:\/\/www.facebook.com\/profile.php?id=100083306763586\" \/>\n<meta property=\"article:modified_time\" content=\"2025-11-04T08:33:11+00:00\" \/>\n<meta name=\"twitter:card\" content=\"summary_large_image\" \/>\n<meta name=\"twitter:label1\" content=\"Dur\u00e9e de lecture estim\u00e9e\" \/>\n\t<meta name=\"twitter:data1\" content=\"1 minute\" \/>\n<script type=\"application\/ld+json\" class=\"yoast-schema-graph\">{\"@context\":\"https:\\\/\\\/schema.org\",\"@graph\":[{\"@type\":\"WebPage\",\"@id\":\"https:\\\/\\\/fmvb.ro\\\/fr\\\/finalizare-studii-medicina-veterina-arhiva-fr\\\/\",\"url\":\"https:\\\/\\\/fmvb.ro\\\/fr\\\/finalizare-studii-medicina-veterina-arhiva-fr\\\/\",\"name\":\"Finalizare studii Medicin\u0103 Veterinar\u0103 - arhiva - FR - Facultatea de Medicin\u0103 Veterinar\u0103 | USAMV Bucure\u015fti\",\"isPartOf\":{\"@id\":\"https:\\\/\\\/fmvb.ro\\\/#website\"},\"datePublished\":\"2024-10-23T04:58:25+00:00\",\"dateModified\":\"2025-11-04T08:33:11+00:00\",\"breadcrumb\":{\"@id\":\"https:\\\/\\\/fmvb.ro\\\/fr\\\/finalizare-studii-medicina-veterina-arhiva-fr\\\/#breadcrumb\"},\"inLanguage\":\"fr-FR\",\"potentialAction\":[{\"@type\":\"ReadAction\",\"target\":[\"https:\\\/\\\/fmvb.ro\\\/fr\\\/finalizare-studii-medicina-veterina-arhiva-fr\\\/\"]}]},{\"@type\":\"BreadcrumbList\",\"@id\":\"https:\\\/\\\/fmvb.ro\\\/fr\\\/finalizare-studii-medicina-veterina-arhiva-fr\\\/#breadcrumb\",\"itemListElement\":[{\"@type\":\"ListItem\",\"position\":1,\"name\":\"Prima pagin\u0103\",\"item\":\"https:\\\/\\\/fmvb.ro\\\/\"},{\"@type\":\"ListItem\",\"position\":2,\"name\":\"Finalizare studii Medicin\u0103 Veterinar\u0103 &#8211; arhiva &#8211; FR\"}]},{\"@type\":\"WebSite\",\"@id\":\"https:\\\/\\\/fmvb.ro\\\/#website\",\"url\":\"https:\\\/\\\/fmvb.ro\\\/\",\"name\":\"Facultatea de Medicin\u0103 Veterinar\u0103 | USAMV Bucure\u015fti\",\"description\":\"\",\"publisher\":{\"@id\":\"https:\\\/\\\/fmvb.ro\\\/#organization\"},\"potentialAction\":[{\"@type\":\"SearchAction\",\"target\":{\"@type\":\"EntryPoint\",\"urlTemplate\":\"https:\\\/\\\/fmvb.ro\\\/?s={search_term_string}\"},\"query-input\":{\"@type\":\"PropertyValueSpecification\",\"valueRequired\":true,\"valueName\":\"search_term_string\"}}],\"inLanguage\":\"fr-FR\"},{\"@type\":\"Organization\",\"@id\":\"https:\\\/\\\/fmvb.ro\\\/#organization\",\"name\":\"Facultatea de Medicin\u0103 Veterinar\u0103 | USAMV Bucure\u015fti\",\"url\":\"https:\\\/\\\/fmvb.ro\\\/\",\"logo\":{\"@type\":\"ImageObject\",\"inLanguage\":\"fr-FR\",\"@id\":\"https:\\\/\\\/fmvb.ro\\\/#\\\/schema\\\/logo\\\/image\\\/\",\"url\":\"https:\\\/\\\/fmvb.ro\\\/wp-content\\\/uploads\\\/2022\\\/09\\\/logo-MV-corect.svg\",\"contentUrl\":\"https:\\\/\\\/fmvb.ro\\\/wp-content\\\/uploads\\\/2022\\\/09\\\/logo-MV-corect.svg\",\"width\":400,\"height\":100,\"caption\":\"Facultatea de Medicin\u0103 Veterinar\u0103 | USAMV Bucure\u015fti\"},\"image\":{\"@id\":\"https:\\\/\\\/fmvb.ro\\\/#\\\/schema\\\/logo\\\/image\\\/\"},\"sameAs\":[\"https:\\\/\\\/www.facebook.com\\\/profile.php?id=100083306763586\",\"https:\\\/\\\/www.instagram.com\\\/usamv_buc\\\/\",\"https:\\\/\\\/www.tiktok.com\\\/@usamvbucuresti\",\"https:\\\/\\\/www.linkedin.com\\\/school\\\/universitatea-de-tiine-agronomice-i-medicin-veterinar-din-bucureti\\\/\"]}]}<\/script>\n<!-- \/ Yoast SEO plugin. -->","yoast_head_json":{"title":"Finalizare studii Medicin\u0103 Veterinar\u0103 - arhiva - FR - Facultatea de Medicin\u0103 Veterinar\u0103 | USAMV Bucure\u015fti","robots":{"index":"index","follow":"follow","max-snippet":"max-snippet:-1","max-image-preview":"max-image-preview:large","max-video-preview":"max-video-preview:-1"},"canonical":"https:\/\/fmvb.ro\/fr\/finalizare-studii-medicina-veterina-arhiva-fr\/","og_locale":"fr_FR","og_type":"article","og_title":"Finalizare studii Medicin\u0103 Veterinar\u0103 - arhiva - FR - Facultatea de Medicin\u0103 Veterinar\u0103 | USAMV Bucure\u015fti","og_description":"Les archives &#8211; Fin d&#8217;\u00e9tudes Les archives fin d\u2019\u00e9tudes &#8211; Septembre 2025 Session Les archives fin d\u2019\u00e9tudes &#8211; June &#8211; July 2025 Session Les archives fin d\u2019\u00e9tudes &#8211; June &#8211; July 2024 Session","og_url":"https:\/\/fmvb.ro\/fr\/finalizare-studii-medicina-veterina-arhiva-fr\/","og_site_name":"Facultatea de Medicin\u0103 Veterinar\u0103 | USAMV Bucure\u015fti","article_publisher":"https:\/\/www.facebook.com\/profile.php?id=100083306763586","article_modified_time":"2025-11-04T08:33:11+00:00","twitter_card":"summary_large_image","twitter_misc":{"Dur\u00e9e de lecture estim\u00e9e":"1 minute"},"schema":{"@context":"https:\/\/schema.org","@graph":[{"@type":"WebPage","@id":"https:\/\/fmvb.ro\/fr\/finalizare-studii-medicina-veterina-arhiva-fr\/","url":"https:\/\/fmvb.ro\/fr\/finalizare-studii-medicina-veterina-arhiva-fr\/","name":"Finalizare studii Medicin\u0103 Veterinar\u0103 - arhiva - FR - Facultatea de Medicin\u0103 Veterinar\u0103 | USAMV Bucure\u015fti","isPartOf":{"@id":"https:\/\/fmvb.ro\/#website"},"datePublished":"2024-10-23T04:58:25+00:00","dateModified":"2025-11-04T08:33:11+00:00","breadcrumb":{"@id":"https:\/\/fmvb.ro\/fr\/finalizare-studii-medicina-veterina-arhiva-fr\/#breadcrumb"},"inLanguage":"fr-FR","potentialAction":[{"@type":"ReadAction","target":["https:\/\/fmvb.ro\/fr\/finalizare-studii-medicina-veterina-arhiva-fr\/"]}]},{"@type":"BreadcrumbList","@id":"https:\/\/fmvb.ro\/fr\/finalizare-studii-medicina-veterina-arhiva-fr\/#breadcrumb","itemListElement":[{"@type":"ListItem","position":1,"name":"Prima pagin\u0103","item":"https:\/\/fmvb.ro\/"},{"@type":"ListItem","position":2,"name":"Finalizare studii Medicin\u0103 Veterinar\u0103 &#8211; arhiva &#8211; FR"}]},{"@type":"WebSite","@id":"https:\/\/fmvb.ro\/#website","url":"https:\/\/fmvb.ro\/","name":"Facultatea de Medicin\u0103 Veterinar\u0103 | USAMV Bucure\u015fti","description":"","publisher":{"@id":"https:\/\/fmvb.ro\/#organization"},"potentialAction":[{"@type":"SearchAction","target":{"@type":"EntryPoint","urlTemplate":"https:\/\/fmvb.ro\/?s={search_term_string}"},"query-input":{"@type":"PropertyValueSpecification","valueRequired":true,"valueName":"search_term_string"}}],"inLanguage":"fr-FR"},{"@type":"Organization","@id":"https:\/\/fmvb.ro\/#organization","name":"Facultatea de Medicin\u0103 Veterinar\u0103 | USAMV Bucure\u015fti","url":"https:\/\/fmvb.ro\/","logo":{"@type":"ImageObject","inLanguage":"fr-FR","@id":"https:\/\/fmvb.ro\/#\/schema\/logo\/image\/","url":"https:\/\/fmvb.ro\/wp-content\/uploads\/2022\/09\/logo-MV-corect.svg","contentUrl":"https:\/\/fmvb.ro\/wp-content\/uploads\/2022\/09\/logo-MV-corect.svg","width":400,"height":100,"caption":"Facultatea de Medicin\u0103 Veterinar\u0103 | USAMV Bucure\u015fti"},"image":{"@id":"https:\/\/fmvb.ro\/#\/schema\/logo\/image\/"},"sameAs":["https:\/\/www.facebook.com\/profile.php?id=100083306763586","https:\/\/www.instagram.com\/usamv_buc\/","https:\/\/www.tiktok.com\/@usamvbucuresti","https:\/\/www.linkedin.com\/school\/universitatea-de-tiine-agronomice-i-medicin-veterinar-din-bucureti\/"]}]}},"_links":{"self":[{"href":"https:\/\/fmvb.ro\/fr\/wp-json\/wp\/v2\/pages\/1006139","targetHints":{"allow":["GET"]}}],"collection":[{"href":"https:\/\/fmvb.ro\/fr\/wp-json\/wp\/v2\/pages"}],"about":[{"href":"https:\/\/fmvb.ro\/fr\/wp-json\/wp\/v2\/types\/page"}],"author":[{"embeddable":true,"href":"https:\/\/fmvb.ro\/fr\/wp-json\/wp\/v2\/users\/10"}],"replies":[{"embeddable":true,"href":"https:\/\/fmvb.ro\/fr\/wp-json\/wp\/v2\/comments?post=1006139"}],"version-history":[{"count":0,"href":"https:\/\/fmvb.ro\/fr\/wp-json\/wp\/v2\/pages\/1006139\/revisions"}],"wp:attachment":[{"href":"https:\/\/fmvb.ro\/fr\/wp-json\/wp\/v2\/media?parent=1006139"}],"curies":[{"name":"wp","href":"https:\/\/api.w.org\/{rel}","templated":true}]}}