{"id":999444,"date":"2024-04-29T09:07:50","date_gmt":"2024-04-29T06:07:50","guid":{"rendered":"https:\/\/fmvb.ro\/?page_id=999444"},"modified":"2025-11-28T13:22:36","modified_gmt":"2025-11-28T11:22:36","slug":"fin-detudes","status":"publish","type":"page","link":"https:\/\/fmvb.ro\/fr\/fin-detudes\/","title":{"rendered":"Fin d&#8217;\u00e9tudes"},"content":{"rendered":"\t\t<div data-elementor-type=\"wp-page\" data-elementor-id=\"999444\" class=\"elementor elementor-999444\" data-elementor-post-type=\"page\">\n\t\t\t\t\t\t<section class=\"elementor-section elementor-top-section elementor-element elementor-element-f4526ac elementor-section-boxed elementor-section-height-default elementor-section-height-default\" data-id=\"f4526ac\" data-element_type=\"section\" data-e-type=\"section\">\n\t\t\t\t\t\t<div class=\"elementor-container elementor-column-gap-default\">\n\t\t\t\t\t<div class=\"elementor-column elementor-col-100 elementor-top-column elementor-element elementor-element-f5209d0\" data-id=\"f5209d0\" data-element_type=\"column\" data-e-type=\"column\" data-settings=\"{&quot;animation&quot;:&quot;none&quot;,&quot;animation_tablet&quot;:&quot;none&quot;,&quot;animation_mobile&quot;:&quot;none&quot;,&quot;animation_delay&quot;:300}\">\n\t\t\t<div class=\"elementor-widget-wrap elementor-element-populated\">\n\t\t\t\t\t\t<div class=\"elementor-element elementor-element-f0344be elementor-widget elementor-widget-heading\" data-id=\"f0344be\" data-element_type=\"widget\" data-e-type=\"widget\" id=\"Formulaires et  GDPR\" data-widget_type=\"heading.default\">\n\t\t\t\t<div class=\"elementor-widget-container\">\n\t\t\t\t\t<h4 class=\"elementor-heading-title elementor-size-default\">Formulaires   et GDPR<\/h4>\t\t\t\t<\/div>\n\t\t\t\t<\/div>\n\t\t\t\t<div class=\"elementor-element elementor-element-6fdf00d elementor-widget elementor-widget-text-editor\" data-id=\"6fdf00d\" data-element_type=\"widget\" data-e-type=\"widget\" data-widget_type=\"text-editor.default\">\n\t\t\t\t<div class=\"elementor-widget-container\">\n\t\t\t\t\t\t\t\t\t<ul><li><a href=\"https:\/\/fmvb.ro\/wp-content\/uploads\/2025\/11\/Guide-pour-la-redaction-et-la-preparation-du-memoire-dexercise-Copy-1.pdf\"><strong>Recommandations pour la r\u00e9daction du travail de FIN DE \u00c9TUDES 2026<\/strong><\/a><\/li><li><a href=\"https:\/\/fmvb.ro\/wp-content\/uploads\/2025\/06\/Regulament-finalizare-studii-FMVB-2024-2025.pdf\"><strong>R\u00e8glement de fin d&#8217;\u00e9tudes<\/strong><\/a><\/li><li><p><a href=\"https:\/\/fmvb.ro\/wp-content\/uploads\/2025\/11\/ANNEXE_2_modele-de-demande-titre-Memoire-dexercice-2025.pdf\"><strong>Demande d\u2019inscription pour l\u2019\u00e9laboration du m\u00e9moire d&#8217; exercice 2026\u00a0<\/strong><\/a><\/p><\/li><li><a href=\"https:\/\/fmvb.ro\/wp-content\/uploads\/2024\/05\/Declaration-autenthicite.pdf\"><strong>D\u00e9claration de l&#8217;authenticit\u00e9 2025<\/strong><\/a><\/li><li><a href=\"https:\/\/fmvb.ro\/wp-content\/uploads\/2024\/05\/DECLARATION-DHONNETETE_2023.pdf\"><strong>D\u00c9CLARATION D&#8217;HONN\u00caTET\u00c9_2025<\/strong><\/a><\/li><li><strong>Mod\u00e8le de demande participation examen licence 2026<\/strong><\/li><li><strong><a href=\"https:\/\/fmvb.ro\/wp-content\/uploads\/2024\/06\/formulaire_fr_GDPR-2.docx\" target=\"_blank\" rel=\"noopener\">Formulaire GDPR<\/a><\/strong><\/li><li><a href=\"https:\/\/fmvb.ro\/wp-content\/uploads\/2025\/11\/Antiplagiat-fr2026.pdf\"><strong>M\u00e9thodologie de contr\u00f4le du plagiat 2026<\/strong><\/a><\/li><li><a href=\"https:\/\/fmvb.ro\/wp-content\/uploads\/2024\/06\/resolution-FR-final-2.pdf\" target=\"_blank\" rel=\"noopener\"><strong>R\u00e8solution rapport de similitude 2025<\/strong><\/a><\/li><\/ul>\t\t\t\t\t\t\t\t<\/div>\n\t\t\t\t<\/div>\n\t\t\t\t\t<\/div>\n\t\t<\/div>\n\t\t\t\t\t<\/div>\n\t\t<\/section>\n\t\t\t\t<section class=\"elementor-section elementor-top-section elementor-element elementor-element-3e96346 elementor-section-boxed elementor-section-height-default elementor-section-height-default\" data-id=\"3e96346\" data-element_type=\"section\" data-e-type=\"section\" data-settings=\"{&quot;animation&quot;:&quot;none&quot;,&quot;animation_tablet&quot;:&quot;none&quot;,&quot;animation_delay&quot;:200}\">\n\t\t\t\t\t\t<div class=\"elementor-container elementor-column-gap-no\">\n\t\t\t\t\t<div class=\"elementor-column elementor-col-100 elementor-top-column elementor-element elementor-element-38ced6e\" data-id=\"38ced6e\" data-element_type=\"column\" data-e-type=\"column\">\n\t\t\t<div class=\"elementor-widget-wrap elementor-element-populated\">\n\t\t\t\t\t\t<div class=\"elementor-element elementor-element-6b7502d elementor-widget elementor-widget-text-editor\" data-id=\"6b7502d\" data-element_type=\"widget\" data-e-type=\"widget\" data-widget_type=\"text-editor.default\">\n\t\t\t\t<div class=\"elementor-widget-container\">\n\t\t\t\t\t\t\t\t\t<h3>Th\u00e9matique et bibliographie : 2026<\/h3>\t\t\t\t\t\t\t\t<\/div>\n\t\t\t\t<\/div>\n\t\t\t\t<div class=\"elementor-element elementor-element-eed4457 elementor-widget elementor-widget-text-editor\" data-id=\"eed4457\" data-element_type=\"widget\" data-e-type=\"widget\" data-widget_type=\"text-editor.default\">\n\t\t\t\t<div class=\"elementor-widget-container\">\n\t\t\t\t\t\t\t\t\t<h3><strong><span style=\"font-size: 18pt;\"><em>Programme M\u00e9decine V\u00e9t\u00e9rinaire : \u00c9preuve 1a \u2013 \u00c9CRIT : 2026<\/em><\/span><\/strong><\/h3>\t\t\t\t\t\t\t\t<\/div>\n\t\t\t\t<\/div>\n\t\t\t\t<div class=\"elementor-element elementor-element-fdc284f vamtam-theme-table-styles elementor-widget elementor-widget-text-editor\" data-id=\"fdc284f\" data-element_type=\"widget\" data-e-type=\"widget\" data-widget_type=\"text-editor.default\">\n\t\t\t\t<div class=\"elementor-widget-container\">\n\t\t\t\t\t\t\t\t\t<table><tbody><tr><th><b>Discipline<\/b><\/th><th class=\"views\"><strong>Charg\u00e9 de cours <\/strong><\/th><\/tr><tr class=\"even\"><td><a href=\"https:\/\/fmvb.ro\/wp-content\/uploads\/2025\/11\/Finalizare_studii_2026_Pharmacologie_-MVFr-publice_final.pdf\">Pharmacologie<\/a><\/td><td>Associate prof. Dr. R\u0103zvan Dobre<\/td><\/tr><tr class=\"even\"><td><a href=\"https:\/\/fmvb.ro\/wp-content\/uploads\/2025\/11\/4.Chest_Licenta_Fiziopatologie_Fr_2026.pdf\">Physiopathologie<\/a><\/td><td>Prof. univ. Dr. Gabriel Cotor<\/td><\/tr><tr class=\"even\"><td><a href=\"https:\/\/fmvb.ro\/wp-content\/uploads\/2025\/11\/Intrebari-publice-finale-examen-licenta-MV_FR_Anatomie-pathologique_2025_2026.pdf\">Anatomie pathologique<\/a><\/td><td>Chef de travaux Dr. Elvira Gagniuc<\/td><\/tr><\/tbody><\/table>\t\t\t\t\t\t\t\t<\/div>\n\t\t\t\t<\/div>\n\t\t\t\t\t<\/div>\n\t\t<\/div>\n\t\t\t\t\t<\/div>\n\t\t<\/section>\n\t\t\t\t<section class=\"elementor-section elementor-top-section elementor-element elementor-element-ea72381 elementor-section-boxed elementor-section-height-default elementor-section-height-default\" data-id=\"ea72381\" data-element_type=\"section\" data-e-type=\"section\" data-settings=\"{&quot;animation&quot;:&quot;none&quot;,&quot;animation_tablet&quot;:&quot;none&quot;,&quot;animation_delay&quot;:200}\">\n\t\t\t\t\t\t<div class=\"elementor-container elementor-column-gap-no\">\n\t\t\t\t\t<div class=\"elementor-column elementor-col-100 elementor-top-column elementor-element elementor-element-8d5a16f\" data-id=\"8d5a16f\" data-element_type=\"column\" data-e-type=\"column\">\n\t\t\t<div class=\"elementor-widget-wrap elementor-element-populated\">\n\t\t\t\t\t\t<div class=\"elementor-element elementor-element-9e2193f elementor-widget elementor-widget-text-editor\" data-id=\"9e2193f\" data-element_type=\"widget\" data-e-type=\"widget\" data-widget_type=\"text-editor.default\">\n\t\t\t\t<div class=\"elementor-widget-container\">\n\t\t\t\t\t\t\t\t\t<div class=\"flex max-w-full flex-col flex-grow\"><div class=\"min-h-8 text-message flex w-full flex-col items-end gap-2 whitespace-normal break-words text-start [.text-message+&amp;]:mt-5\" dir=\"auto\" data-message-author-role=\"assistant\" data-message-id=\"eba1de20-6682-4d4d-aba5-c499a316cdb7\" data-message-model-slug=\"gpt-4o\"><div class=\"flex w-full flex-col gap-1 empty:hidden first:pt-[3px]\"><div class=\"markdown prose w-full break-words dark:prose-invert light\"><p><em><span style=\"font-size: 18pt;\"><strong>Programme M\u00e9decine V\u00e9t\u00e9rinaire: \u00c9preuve 1b \u2013 \u00c9PREUVE PRATIQUE : 2025<\/strong><\/span><\/em><\/p><\/div><\/div><\/div><\/div><div class=\"mb-2 flex gap-3 empty:hidden -ml-2\"><div class=\"items-center justify-start rounded-xl p-1 flex\"><div class=\"flex items-center\">\u00a0<\/div><\/div><\/div>\t\t\t\t\t\t\t\t<\/div>\n\t\t\t\t<\/div>\n\t\t\t\t<div class=\"elementor-element elementor-element-0e822c3 vamtam-theme-table-styles elementor-widget elementor-widget-text-editor\" data-id=\"0e822c3\" data-element_type=\"widget\" data-e-type=\"widget\" data-widget_type=\"text-editor.default\">\n\t\t\t\t<div class=\"elementor-widget-container\">\n\t\t\t\t\t\t\t\t\t<p>\u00a0<\/p><table><tbody><tr><th><b>Discipline<\/b><\/th><th class=\"views\"><strong>Charg\u00e9 de cours<\/strong><\/th><\/tr><tr class=\"odd\"><td><a href=\"https:\/\/fmvb.ro\/wp-content\/uploads\/2025\/11\/TEMATICA-LICENTA-FRANCEZA-2026-.pdf\">Troubles de reproduction et conferances cliniques concernant les especes<\/a><\/td><td><p>Ma\u00eetre de Conf\u00e9rences Dr. Alexandru Diaconescu<\/p><\/td><\/tr><tr class=\"even\"><td><a href=\"https:\/\/fmvb.ro\/wp-content\/uploads\/2025\/11\/5.MALADIES_INFECTIEUSES_MVFr-Lexamen-de-fin-detudes2026-2.pdf\">Maladies infectieuses, medecine preventive et conferances cliniques concernant les especes<\/a><\/td><td><p>Ma\u00eetre de conf\u00e9rences Dr. Georgeta \u0218tefan<\/p><p>Chef de travaux Dr. Drago\u0219 Cobzariu<\/p><\/td><\/tr><tr class=\"odd\"><td><a href=\"https:\/\/fmvb.ro\/wp-content\/uploads\/2025\/11\/Tematica-si-bibliografie-finalizare-MV-MEDECINE-CLINIQUE-2026.pdf\">Medicine clinique et conferences cliniques concernant les especes<\/a><\/td><td>Ma\u00eetre de conf\u00e9rences Dr. Gheorghe Goran<\/td><\/tr><tr class=\"even\"><td><a href=\"https:\/\/fmvb.ro\/wp-content\/uploads\/2025\/11\/Tematica_bibliografie_chirurgie_FR.pdf\">Chirurgie clinique et concernant cliniques concerant les especes<\/a><\/td><td>Chef de travaux Dr. Ionu\u021b G\u00e2rjoab\u0103<\/td><\/tr><tr class=\"odd\"><td><a href=\"https:\/\/fmvb.ro\/wp-content\/uploads\/2025\/11\/TematicaLicenta_BoliParazitare_2025-26_Fr.pdf\">Parasitologie, maladies parasitaires et conferances cliniques concernant les especes<\/a><\/td><td>Prof. univ. Dr. Liviu Mitrea<\/td><\/tr><tr class=\"even\"><td><a href=\"https:\/\/fmvb.ro\/wp-content\/uploads\/2025\/11\/Tematica-si-bibliografie-MV-FR-2025-2026-Nicoleta-Ciocirlie.pdf\">Inspection et controle des produits alimentaires d&#8217;origine animale<\/a><\/td><td>Ma\u00eetre de conf\u00e9rences Dr. Nicoleta Cioc\u00eerlie<\/td><\/tr><tr class=\"odd\"><td><a href=\"https:\/\/fmvb.ro\/wp-content\/uploads\/2025\/11\/MED.-LEGALE-ET-DIAGN.-NECRO.-licencefr2026.pdf\">Medicine legale et diagnostique necropsique<\/a><\/td><td><p>Prof. univ. Dr. Emilia Ciobotaru-Pirvu<\/p><p>Asist. univ. Dr. Iulia &#8211; Alexandra Popa<\/p><\/td><\/tr><\/tbody><\/table>\t\t\t\t\t\t\t\t<\/div>\n\t\t\t\t<\/div>\n\t\t\t\t\t<\/div>\n\t\t<\/div>\n\t\t\t\t\t<\/div>\n\t\t<\/section>\n\t\t\t\t<section class=\"elementor-section elementor-top-section elementor-element elementor-element-7aec453 elementor-section-boxed elementor-section-height-default elementor-section-height-default\" data-id=\"7aec453\" data-element_type=\"section\" data-e-type=\"section\" data-settings=\"{&quot;animation&quot;:&quot;none&quot;,&quot;animation_tablet&quot;:&quot;none&quot;,&quot;animation_delay&quot;:200}\">\n\t\t\t\t\t\t<div class=\"elementor-container elementor-column-gap-no\">\n\t\t\t\t\t<div class=\"elementor-column elementor-col-100 elementor-top-column elementor-element elementor-element-7f59add\" data-id=\"7f59add\" data-element_type=\"column\" data-e-type=\"column\">\n\t\t\t<div class=\"elementor-widget-wrap elementor-element-populated\">\n\t\t\t\t\t\t<div class=\"elementor-element elementor-element-e0fe6dc elementor-widget elementor-widget-text-editor\" data-id=\"e0fe6dc\" data-element_type=\"widget\" data-e-type=\"widget\" data-widget_type=\"text-editor.default\">\n\t\t\t\t<div class=\"elementor-widget-container\">\n\t\t\t\t\t\t\t\t\t<h3><em><strong><span style=\"font-size: 18pt;\">\u00c9preuve 2 \u2013 SOUTENANCE DU M\u00c9MOIRE DE MASTER<\/span><\/strong><\/em><\/h3>\t\t\t\t\t\t\t\t<\/div>\n\t\t\t\t<\/div>\n\t\t\t\t\t<\/div>\n\t\t<\/div>\n\t\t\t\t\t<\/div>\n\t\t<\/section>\n\t\t\t\t<\/div>\n\t\t","protected":false},"excerpt":{"rendered":"<p>Formulaires et GDPR Recommandations pour la r\u00e9daction du travail de FIN DE \u00c9TUDES 2026 R\u00e8glement de fin d&#8217;\u00e9tudes Demande d\u2019inscription pour l\u2019\u00e9laboration du m\u00e9moire d&#8217; exercice 2026\u00a0 D\u00e9claration de l&#8217;authenticit\u00e9 2025 D\u00c9CLARATION D&#8217;HONN\u00caTET\u00c9_2025 Mod\u00e8le de demande participation examen licence 2026 Formulaire GDPR M\u00e9thodologie de contr\u00f4le du plagiat 2026 R\u00e8solution rapport de similitude 2025 Th\u00e9matique et&#8230;<\/p>\n","protected":false},"author":9,"featured_media":0,"parent":0,"menu_order":0,"comment_status":"closed","ping_status":"closed","template":"","meta":{"inline_featured_image":false,"footnotes":""},"class_list":["post-999444","page","type-page","status-publish","hentry"],"yoast_head":"<!-- This site is optimized with the Yoast SEO plugin v27.4 - https:\/\/yoast.com\/product\/yoast-seo-wordpress\/ -->\n<title>Fin d&#039;\u00e9tudes - Facultatea de Medicin\u0103 Veterinar\u0103 | USAMV Bucure\u015fti<\/title>\n<meta name=\"robots\" content=\"index, follow, max-snippet:-1, max-image-preview:large, max-video-preview:-1\" \/>\n<link rel=\"canonical\" href=\"https:\/\/fmvb.ro\/fr\/fin-detudes\/\" \/>\n<meta property=\"og:locale\" content=\"fr_FR\" \/>\n<meta property=\"og:type\" content=\"article\" \/>\n<meta property=\"og:title\" content=\"Fin d&#039;\u00e9tudes - Facultatea de Medicin\u0103 Veterinar\u0103 | USAMV Bucure\u015fti\" \/>\n<meta property=\"og:description\" content=\"Formulaires et GDPR Recommandations pour la r\u00e9daction du travail de FIN DE \u00c9TUDES 2026 R\u00e8glement de fin d&#8217;\u00e9tudes Demande d\u2019inscription pour l\u2019\u00e9laboration du m\u00e9moire d&#8217; exercice 2026\u00a0 D\u00e9claration de l&#8217;authenticit\u00e9 2025 D\u00c9CLARATION D&#8217;HONN\u00caTET\u00c9_2025 Mod\u00e8le de demande participation examen licence 2026 Formulaire GDPR M\u00e9thodologie de contr\u00f4le du plagiat 2026 R\u00e8solution rapport de similitude 2025 Th\u00e9matique et...\" \/>\n<meta property=\"og:url\" content=\"https:\/\/fmvb.ro\/fr\/fin-detudes\/\" \/>\n<meta property=\"og:site_name\" content=\"Facultatea de Medicin\u0103 Veterinar\u0103 | USAMV Bucure\u015fti\" \/>\n<meta property=\"article:publisher\" content=\"https:\/\/www.facebook.com\/profile.php?id=100083306763586\" \/>\n<meta property=\"article:modified_time\" content=\"2025-11-28T11:22:36+00:00\" \/>\n<meta name=\"twitter:card\" content=\"summary_large_image\" \/>\n<meta name=\"twitter:label1\" content=\"Dur\u00e9e de lecture estim\u00e9e\" \/>\n\t<meta name=\"twitter:data1\" content=\"2 minutes\" \/>\n<script type=\"application\/ld+json\" class=\"yoast-schema-graph\">{\"@context\":\"https:\\\/\\\/schema.org\",\"@graph\":[{\"@type\":\"WebPage\",\"@id\":\"https:\\\/\\\/fmvb.ro\\\/fr\\\/fin-detudes\\\/\",\"url\":\"https:\\\/\\\/fmvb.ro\\\/fr\\\/fin-detudes\\\/\",\"name\":\"Fin d'\u00e9tudes - Facultatea de Medicin\u0103 Veterinar\u0103 | USAMV Bucure\u015fti\",\"isPartOf\":{\"@id\":\"https:\\\/\\\/fmvb.ro\\\/#website\"},\"datePublished\":\"2024-04-29T06:07:50+00:00\",\"dateModified\":\"2025-11-28T11:22:36+00:00\",\"breadcrumb\":{\"@id\":\"https:\\\/\\\/fmvb.ro\\\/fr\\\/fin-detudes\\\/#breadcrumb\"},\"inLanguage\":\"fr-FR\",\"potentialAction\":[{\"@type\":\"ReadAction\",\"target\":[\"https:\\\/\\\/fmvb.ro\\\/fr\\\/fin-detudes\\\/\"]}]},{\"@type\":\"BreadcrumbList\",\"@id\":\"https:\\\/\\\/fmvb.ro\\\/fr\\\/fin-detudes\\\/#breadcrumb\",\"itemListElement\":[{\"@type\":\"ListItem\",\"position\":1,\"name\":\"Prima pagin\u0103\",\"item\":\"https:\\\/\\\/fmvb.ro\\\/\"},{\"@type\":\"ListItem\",\"position\":2,\"name\":\"Fin d&#8217;\u00e9tudes\"}]},{\"@type\":\"WebSite\",\"@id\":\"https:\\\/\\\/fmvb.ro\\\/#website\",\"url\":\"https:\\\/\\\/fmvb.ro\\\/\",\"name\":\"Facultatea de Medicin\u0103 Veterinar\u0103 | USAMV Bucure\u015fti\",\"description\":\"\",\"publisher\":{\"@id\":\"https:\\\/\\\/fmvb.ro\\\/#organization\"},\"potentialAction\":[{\"@type\":\"SearchAction\",\"target\":{\"@type\":\"EntryPoint\",\"urlTemplate\":\"https:\\\/\\\/fmvb.ro\\\/?s={search_term_string}\"},\"query-input\":{\"@type\":\"PropertyValueSpecification\",\"valueRequired\":true,\"valueName\":\"search_term_string\"}}],\"inLanguage\":\"fr-FR\"},{\"@type\":\"Organization\",\"@id\":\"https:\\\/\\\/fmvb.ro\\\/#organization\",\"name\":\"Facultatea de Medicin\u0103 Veterinar\u0103 | USAMV Bucure\u015fti\",\"url\":\"https:\\\/\\\/fmvb.ro\\\/\",\"logo\":{\"@type\":\"ImageObject\",\"inLanguage\":\"fr-FR\",\"@id\":\"https:\\\/\\\/fmvb.ro\\\/#\\\/schema\\\/logo\\\/image\\\/\",\"url\":\"https:\\\/\\\/fmvb.ro\\\/wp-content\\\/uploads\\\/2022\\\/09\\\/logo-MV-corect.svg\",\"contentUrl\":\"https:\\\/\\\/fmvb.ro\\\/wp-content\\\/uploads\\\/2022\\\/09\\\/logo-MV-corect.svg\",\"width\":400,\"height\":100,\"caption\":\"Facultatea de Medicin\u0103 Veterinar\u0103 | USAMV Bucure\u015fti\"},\"image\":{\"@id\":\"https:\\\/\\\/fmvb.ro\\\/#\\\/schema\\\/logo\\\/image\\\/\"},\"sameAs\":[\"https:\\\/\\\/www.facebook.com\\\/profile.php?id=100083306763586\",\"https:\\\/\\\/www.instagram.com\\\/usamv_buc\\\/\",\"https:\\\/\\\/www.tiktok.com\\\/@usamvbucuresti\",\"https:\\\/\\\/www.linkedin.com\\\/school\\\/universitatea-de-tiine-agronomice-i-medicin-veterinar-din-bucureti\\\/\"]}]}<\/script>\n<!-- \/ Yoast SEO plugin. -->","yoast_head_json":{"title":"Fin d'\u00e9tudes - Facultatea de Medicin\u0103 Veterinar\u0103 | USAMV Bucure\u015fti","robots":{"index":"index","follow":"follow","max-snippet":"max-snippet:-1","max-image-preview":"max-image-preview:large","max-video-preview":"max-video-preview:-1"},"canonical":"https:\/\/fmvb.ro\/fr\/fin-detudes\/","og_locale":"fr_FR","og_type":"article","og_title":"Fin d'\u00e9tudes - Facultatea de Medicin\u0103 Veterinar\u0103 | USAMV Bucure\u015fti","og_description":"Formulaires et GDPR Recommandations pour la r\u00e9daction du travail de FIN DE \u00c9TUDES 2026 R\u00e8glement de fin d&#8217;\u00e9tudes Demande d\u2019inscription pour l\u2019\u00e9laboration du m\u00e9moire d&#8217; exercice 2026\u00a0 D\u00e9claration de l&#8217;authenticit\u00e9 2025 D\u00c9CLARATION D&#8217;HONN\u00caTET\u00c9_2025 Mod\u00e8le de demande participation examen licence 2026 Formulaire GDPR M\u00e9thodologie de contr\u00f4le du plagiat 2026 R\u00e8solution rapport de similitude 2025 Th\u00e9matique et...","og_url":"https:\/\/fmvb.ro\/fr\/fin-detudes\/","og_site_name":"Facultatea de Medicin\u0103 Veterinar\u0103 | USAMV Bucure\u015fti","article_publisher":"https:\/\/www.facebook.com\/profile.php?id=100083306763586","article_modified_time":"2025-11-28T11:22:36+00:00","twitter_card":"summary_large_image","twitter_misc":{"Dur\u00e9e de lecture estim\u00e9e":"2 minutes"},"schema":{"@context":"https:\/\/schema.org","@graph":[{"@type":"WebPage","@id":"https:\/\/fmvb.ro\/fr\/fin-detudes\/","url":"https:\/\/fmvb.ro\/fr\/fin-detudes\/","name":"Fin d'\u00e9tudes - Facultatea de Medicin\u0103 Veterinar\u0103 | USAMV Bucure\u015fti","isPartOf":{"@id":"https:\/\/fmvb.ro\/#website"},"datePublished":"2024-04-29T06:07:50+00:00","dateModified":"2025-11-28T11:22:36+00:00","breadcrumb":{"@id":"https:\/\/fmvb.ro\/fr\/fin-detudes\/#breadcrumb"},"inLanguage":"fr-FR","potentialAction":[{"@type":"ReadAction","target":["https:\/\/fmvb.ro\/fr\/fin-detudes\/"]}]},{"@type":"BreadcrumbList","@id":"https:\/\/fmvb.ro\/fr\/fin-detudes\/#breadcrumb","itemListElement":[{"@type":"ListItem","position":1,"name":"Prima pagin\u0103","item":"https:\/\/fmvb.ro\/"},{"@type":"ListItem","position":2,"name":"Fin d&#8217;\u00e9tudes"}]},{"@type":"WebSite","@id":"https:\/\/fmvb.ro\/#website","url":"https:\/\/fmvb.ro\/","name":"Facultatea de Medicin\u0103 Veterinar\u0103 | USAMV Bucure\u015fti","description":"","publisher":{"@id":"https:\/\/fmvb.ro\/#organization"},"potentialAction":[{"@type":"SearchAction","target":{"@type":"EntryPoint","urlTemplate":"https:\/\/fmvb.ro\/?s={search_term_string}"},"query-input":{"@type":"PropertyValueSpecification","valueRequired":true,"valueName":"search_term_string"}}],"inLanguage":"fr-FR"},{"@type":"Organization","@id":"https:\/\/fmvb.ro\/#organization","name":"Facultatea de Medicin\u0103 Veterinar\u0103 | USAMV Bucure\u015fti","url":"https:\/\/fmvb.ro\/","logo":{"@type":"ImageObject","inLanguage":"fr-FR","@id":"https:\/\/fmvb.ro\/#\/schema\/logo\/image\/","url":"https:\/\/fmvb.ro\/wp-content\/uploads\/2022\/09\/logo-MV-corect.svg","contentUrl":"https:\/\/fmvb.ro\/wp-content\/uploads\/2022\/09\/logo-MV-corect.svg","width":400,"height":100,"caption":"Facultatea de Medicin\u0103 Veterinar\u0103 | USAMV Bucure\u015fti"},"image":{"@id":"https:\/\/fmvb.ro\/#\/schema\/logo\/image\/"},"sameAs":["https:\/\/www.facebook.com\/profile.php?id=100083306763586","https:\/\/www.instagram.com\/usamv_buc\/","https:\/\/www.tiktok.com\/@usamvbucuresti","https:\/\/www.linkedin.com\/school\/universitatea-de-tiine-agronomice-i-medicin-veterinar-din-bucureti\/"]}]}},"_links":{"self":[{"href":"https:\/\/fmvb.ro\/fr\/wp-json\/wp\/v2\/pages\/999444","targetHints":{"allow":["GET"]}}],"collection":[{"href":"https:\/\/fmvb.ro\/fr\/wp-json\/wp\/v2\/pages"}],"about":[{"href":"https:\/\/fmvb.ro\/fr\/wp-json\/wp\/v2\/types\/page"}],"author":[{"embeddable":true,"href":"https:\/\/fmvb.ro\/fr\/wp-json\/wp\/v2\/users\/9"}],"replies":[{"embeddable":true,"href":"https:\/\/fmvb.ro\/fr\/wp-json\/wp\/v2\/comments?post=999444"}],"version-history":[{"count":0,"href":"https:\/\/fmvb.ro\/fr\/wp-json\/wp\/v2\/pages\/999444\/revisions"}],"wp:attachment":[{"href":"https:\/\/fmvb.ro\/fr\/wp-json\/wp\/v2\/media?parent=999444"}],"curies":[{"name":"wp","href":"https:\/\/api.w.org\/{rel}","templated":true}]}}